{"id":6800,"date":"2020-08-06T22:20:33","date_gmt":"2020-08-06T20:20:33","guid":{"rendered":"https:\/\/www.trestima.com\/w\/?page_id=6800"},"modified":"2020-08-07T09:01:34","modified_gmt":"2020-08-07T07:01:34","slug":"for-plantagen","status":"publish","type":"page","link":"https:\/\/www.trestima.com\/w\/sv\/for-plantagen\/","title":{"rendered":"F\u00f6r plantagen"},"content":{"rendered":"<p>[vc_row css=&#8221;.vc_custom_1524476254941{margin-bottom: 50px !important;padding-right: 15px !important;padding-left: 15px !important;}&#8221;][vc_column css=&#8221;.vc_custom_1524224841441{padding-right: 15px !important;padding-left: 15px !important;}&#8221;]<div id=\"ultimate-heading-442469e90e9d6997d\" class=\"uvc-heading ult-adjust-bottom-margin ultimate-heading-442469e90e9d6997d uvc-748  uvc-heading-default-font-sizes\" data-hspacer=\"no_spacer\"  data-halign=\"center\" style=\"text-align:center\"><div class=\"uvc-heading-spacer no_spacer\" style=\"top\"><\/div><div class=\"uvc-main-heading ult-responsive\"  data-ultimate-target='.uvc-heading.ultimate-heading-442469e90e9d6997d h2'  data-responsive-json-new='{\"font-size\":\"\",\"line-height\":\"\"}' ><h2 style=\"--font-weight:theme;margin-bottom:30px;\"> Skr\u00e4ddarsydd f\u00f6r plantager f\u00f6r maximal noggrannhet<\/h2><\/div><\/div>[vc_row_inner gap=&#8221;30&#8243;][vc_column_inner width=&#8221;1\/3&#8243;]<div class=\"aio-icon-component   boxheader style_1\"><div id=\"Info-box-wrap-3796\" class=\"aio-icon-box left-icon\" style=\"\"  ><div class=\"aio-ibd-block\"><div class=\"aio-icon-header\" ><h3 class=\"aio-icon-title ult-responsive\"  data-ultimate-target='#Info-box-wrap-3796 .aio-icon-title'  data-responsive-json-new='{\"font-size\":\"\",\"line-height\":\"\"}'  style=\"\">1<\/h3><\/div> <!-- header --><div class=\"aio-icon-description ult-responsive\"  data-ultimate-target='#Info-box-wrap-3796 .aio-icon-description'  data-responsive-json-new='{\"font-size\":\"\",\"line-height\":\"\"}'  style=\"\">System genererar automatiskt samplotter f\u00f6r skogsbruket s\u00e5 att de \u00f6nskade noggrannhetskriterierna uppn\u00e5s.<\/div> <!-- description --><\/div> <!-- aio-ibd-block --><\/div> <!-- aio-icon-box --><\/div> <!-- aio-icon-component -->[\/vc_column_inner][vc_column_inner width=&#8221;1\/3&#8243;]<div class=\"aio-icon-component   boxheader style_1\"><div id=\"Info-box-wrap-9157\" class=\"aio-icon-box left-icon\" style=\"\"  ><div class=\"aio-ibd-block\"><div class=\"aio-icon-header\" ><h3 class=\"aio-icon-title ult-responsive\"  data-ultimate-target='#Info-box-wrap-9157 .aio-icon-title'  data-responsive-json-new='{\"font-size\":\"\",\"line-height\":\"\"}'  style=\"\">2<\/h3><\/div> <!-- header --><div class=\"aio-icon-description ult-responsive\"  data-ultimate-target='#Info-box-wrap-9157 .aio-icon-description'  data-responsive-json-new='{\"font-size\":\"\",\"line-height\":\"\"}'  style=\"\">Mobilapplikationer guider anv\u00e4ndaren till att prova tomter. En enda provbild tas i var och en mot en f\u00f6rutbest\u00e4md riktning.<\/div> <!-- description --><\/div> <!-- aio-ibd-block --><\/div> <!-- aio-icon-box --><\/div> <!-- aio-icon-component -->[\/vc_column_inner][vc_column_inner width=&#8221;1\/3&#8243;]<div class=\"aio-icon-component   boxheader style_1\"><div id=\"Info-box-wrap-6377\" class=\"aio-icon-box left-icon\" style=\"\"  ><div class=\"aio-ibd-block\"><div class=\"aio-icon-header\" ><h3 class=\"aio-icon-title ult-responsive\"  data-ultimate-target='#Info-box-wrap-6377 .aio-icon-title'  data-responsive-json-new='{\"font-size\":\"\",\"line-height\":\"\"}'  style=\"\">3<\/h3><\/div> <!-- header --><div class=\"aio-icon-description ult-responsive\"  data-ultimate-target='#Info-box-wrap-6377 .aio-icon-description'  data-responsive-json-new='{\"font-size\":\"\",\"line-height\":\"\"}'  style=\"\">Information extraherad fr\u00e5n provbilderna kombineras med lokala tillv\u00e4xtmodeller och koniska kurvor f\u00f6r att ber\u00e4kna de mest exakta lagerdata som m\u00f6jligt.<\/div> <!-- description --><\/div> <!-- aio-ibd-block --><\/div> <!-- aio-icon-box --><\/div> <!-- aio-icon-component -->[\/vc_column_inner][\/vc_row_inner][vc_row_inner gap=&#8221;30&#8243;][vc_column_inner width=&#8221;1\/3&#8243;][vc_single_image image=&#8221;6774&#8243; img_size=&#8221;large&#8221; alignment=&#8221;center&#8221;][\/vc_column_inner][vc_column_inner width=&#8221;1\/3&#8243;][vc_single_image image=&#8221;6758&#8243; img_size=&#8221;large&#8221; alignment=&#8221;center&#8221;][\/vc_column_inner][vc_column_inner width=&#8221;1\/3&#8243;][vc_single_image image=&#8221;6782&#8243; img_size=&#8221;large&#8221; alignment=&#8221;center&#8221; style=&#8221;vc_box_border&#8221;][\/vc_column_inner][\/vc_row_inner][\/vc_column][\/vc_row][vc_row full_width=&#8221;stretch_row&#8221; css=&#8221;.vc_custom_1524738250669{padding-top: 50px !important;padding-bottom: 50px !important;background-image: url(https:\/\/www.trestima.com\/w\/\/wp-content\/uploads\/2018\/04\/trestima-oy-metsanmittausjarjestelma-metsasuunnittelijalle-viranomaisille.png?id=1025) !important;background-position: center !important;background-repeat: no-repeat !important;background-size: cover !important;}&#8221;][vc_column css=&#8221;.vc_custom_1524216748026{padding-right: 15px !important;padding-left: 15px !important;}&#8221;]<div id=\"ultimate-heading-436769e90e9d69e00\" class=\"uvc-heading ult-adjust-bottom-margin ultimate-heading-436769e90e9d69e00 uvc-9807 \" data-hspacer=\"no_spacer\"  data-halign=\"center\" style=\"text-align:center\"><div class=\"uvc-heading-spacer no_spacer\" style=\"top\"><\/div><div class=\"uvc-main-heading ult-responsive\"  data-ultimate-target='.uvc-heading.ultimate-heading-436769e90e9d69e00 h2'  data-responsive-json-new='{\"font-size\":\"desktop:50px;\",\"line-height\":\"\"}' ><h2 style=\"--font-weight:theme;color:#000000;margin-bottom:30px;\"> TRESTIMA\u00ae For Plantations \u00e4r skr\u00e4ddarsydd f\u00f6r intensivt f\u00f6rvaltade planterade skogar<\/h2><\/div><\/div>[vc_row_inner gap=&#8221;30&#8243; css=&#8221;.vc_custom_1524217052196{padding-right: 15px !important;padding-bottom: px !important;padding-left: 15px !important;}&#8221;][vc_column_inner css=&#8221;.vc_custom_1524471284491{padding-bottom: 20px !important;background-position: center !important;background-repeat: no-repeat !important;background-size: contain !important;}&#8221; offset=&#8221;vc_col-lg-6 vc_col-md-6&#8243;][vc_single_image image=&#8221;6785&#8243; img_size=&#8221;full&#8221;][\/vc_column_inner][vc_column_inner css=&#8221;.vc_custom_1524471294392{padding-bottom: 20px !important;background-position: center !important;background-repeat: no-repeat !important;background-size: contain !important;}&#8221; offset=&#8221;vc_col-lg-6 vc_col-md-6&#8243;][vc_column_text]I plantageskogsbruk m\u00e5ste lagerdata alltid vara tillf\u00f6rlitliga och korrekta, men \u00e4nd\u00e5 kostnadseffektiva. Vi l\u00f6ste detta problem genom att skapa en anpassad version av TRESTIMA\u00ae Forest M\u00e4tningssystem specifikt f\u00f6r plantager, d\u00e4r m\u00e4tprocessen \u00e4r helt formaliserad, men \u00e4nd\u00e5 extremt enkel.<\/p>\n<p>TRESTIMA\u00ae For Plantations genererar provplottar i skogen som ska m\u00e4tas, varav antalet beror p\u00e5 skogens area.<\/p>\n<p>Exempelplottarna visas i f\u00e4ltpersonalens mobilapp, vilket g\u00f6r dem enkla att navigera.<\/p>\n<p>En enda bild tas i varje plot i en f\u00f6rbest\u00e4md riktning. Applikationen styr fotograferingsriktningen med en kompass som visas i vyn.<\/p>\n<p>N\u00e4r varje plot har beskrivits \u00e4r m\u00e4tningen avslutad.<\/p>\n<p>Systemet ber\u00e4knar grundytat och tr\u00e4dens diameterf\u00f6rdelning fr\u00e5n bilderna. H\u00f6jderna f\u00f6r varje tr\u00e4d erh\u00e5lls fr\u00e5n lokala tillv\u00e4xtmodeller, som kan fyllas i f\u00f6rv\u00e4g fr\u00e5n kundens historiska data eller genom att ange cirka 10 h\u00f6jd- och diameterpar i olika diameterklasser f\u00f6r varje skogsstativ. TRESTIMA\u00ae anv\u00e4nder Morgan-Mercer-Flodin (MMF) -ekvationen som adapter f\u00f6r tillv\u00e4xtmodeller.<\/p>\n<p>Slutresultatet \u00e4r mycket exakt (&lt;5% fel i 95% av fallen) rapport om alla nyckelvariabler (volym, diameter, antal tr\u00e4d) i skogen.[\/vc_column_text][\/vc_column_inner][\/vc_row_inner][\/vc_column][\/vc_row][vc_row css=&#8221;.vc_custom_1524474128047{margin-bottom: 50px !important;border-bottom-width: 50px !important;padding-top: 50px !important;}&#8221;][vc_column css=&#8221;.vc_custom_1524225499678{padding-right: 15px !important;padding-left: 15px !important;}&#8221;]<div id=\"ultimate-heading-429869e90e9d69e36\" class=\"uvc-heading ult-adjust-bottom-margin ultimate-heading-429869e90e9d69e36 uvc-621  uvc-heading-default-font-sizes\" data-hspacer=\"no_spacer\"  data-halign=\"center\" style=\"text-align:center\"><div class=\"uvc-heading-spacer no_spacer\" style=\"top\"><\/div><div class=\"uvc-main-heading ult-responsive\"  data-ultimate-target='.uvc-heading.ultimate-heading-429869e90e9d69e36 h2'  data-responsive-json-new='{\"font-size\":\"\",\"line-height\":\"\"}' ><h2 style=\"--font-weight:theme;\">F\u00f6rdelar med TRESTIMA\u00ae f\u00f6r plantager<\/h2><\/div><div class=\"uvc-sub-heading ult-responsive\"  data-ultimate-target='.uvc-heading.ultimate-heading-429869e90e9d69e36 .uvc-sub-heading '  data-responsive-json-new='{\"font-size\":\"\",\"line-height\":\"\"}'  style=\"font-weight:normal;margin-bottom:30px;\"><\/p>\n<h3 style=\"text-align: center;\">TRESTIMA\u00ae Forest Inventory System har flera f\u00f6rdelar j\u00e4mf\u00f6rt med traditionella inventeringsmetoder:<\/h3>\n<p><\/div><\/div>[vc_row_inner equal_height=&#8221;yes&#8221; gap=&#8221;30&#8243;][vc_column_inner el_class=&#8221;taustakoko&#8221; width=&#8221;1\/3&#8243; css=&#8221;.vc_custom_1524737656522{padding-bottom: 20px !important;background-image: url(https:\/\/www.trestima.com\/w\/\/wp-content\/uploads\/2018\/04\/trestima-oy-metsanmittaus-pinomittaus-jarjestelmat.png?id=1016) !important;background-position: center !important;background-repeat: no-repeat !important;background-size: contain !important;}&#8221;][vc_column_text css=&#8221;.vc_custom_1596782820436{padding-right: 10px !important;padding-left: 10px !important;}&#8221; el_class=&#8221;minimikoko&#8221;]<\/p>\n<h3 style=\"text-align: center;\">M\u00e4tning \u00e4r objektiv<\/h3>\n<p style=\"text-align: center;\">Anv\u00e4ndaren har ingen inverkan p\u00e5 slutresultatet.<\/p>\n<p>[\/vc_column_text][\/vc_column_inner][vc_column_inner el_class=&#8221;taustakoko&#8221; width=&#8221;1\/3&#8243; css=&#8221;.vc_custom_1524737755602{padding-bottom: 20px !important;background-image: url(https:\/\/www.trestima.com\/w\/\/wp-content\/uploads\/2018\/04\/trestima-oy-metsanmittaus-pinomittaus-jarjestelmat.png?id=1016) !important;background-position: center !important;background-repeat: no-repeat !important;background-size: contain !important;}&#8221;][vc_column_text css=&#8221;.vc_custom_1596782862578{padding-right: 10px !important;padding-left: 10px !important;}&#8221; el_class=&#8221;minimikoko&#8221;]<\/p>\n<h3 style=\"text-align: center;\">M\u00e4tningen \u00e4r korrekt<\/h3>\n<p style=\"text-align: center;\">Fel f\u00f6r nyckelvariabler \u00e4r mindre \u00e4n 5% i 95% av fallen.<\/p>\n<p>[\/vc_column_text][\/vc_column_inner][vc_column_inner el_class=&#8221;taustakoko&#8221; width=&#8221;1\/3&#8243; css=&#8221;.vc_custom_1524737764670{padding-bottom: 20px !important;background-image: url(https:\/\/www.trestima.com\/w\/\/wp-content\/uploads\/2018\/04\/trestima-oy-metsanmittaus-pinomittaus-jarjestelmat.png?id=1016) !important;background-position: center !important;background-repeat: no-repeat !important;background-size: contain !important;}&#8221;][vc_column_text css=&#8221;.vc_custom_1596782919795{padding-right: 10px !important;padding-left: 10px !important;}&#8221; el_class=&#8221;minimikoko&#8221;]<\/p>\n<h3 style=\"text-align: center;\">M\u00e4tningen \u00e4r snabb<\/h3>\n<p style=\"text-align: center;\">Inventeringen tar vanligtvis mindre \u00e4n fem minuter per hektar f\u00f6r en enda person.<\/p>\n<p>[\/vc_column_text][\/vc_column_inner][\/vc_row_inner][vc_row_inner equal_height=&#8221;yes&#8221; gap=&#8221;30&#8243; css=&#8221;.vc_custom_1524565102263{margin-bottom: 50px !important;}&#8221;][vc_column_inner el_class=&#8221;taustakoko&#8221; width=&#8221;1\/3&#8243; css=&#8221;.vc_custom_1524737701073{padding-bottom: 20px !important;background-image: url(https:\/\/www.trestima.com\/w\/\/wp-content\/uploads\/2018\/04\/trestima-oy-metsanmittaus-pinomittaus-jarjestelmat.png?id=1016) !important;background-position: center !important;background-repeat: no-repeat !important;background-size: contain !important;}&#8221;][vc_column_text css=&#8221;.vc_custom_1596782953817{padding-right: 10px !important;padding-left: 10px !important;}&#8221; el_class=&#8221;minimikoko&#8221;]<\/p>\n<h3 style=\"text-align: center;\">Enkel distribution<\/h3>\n<p style=\"text-align: center;\">Utbildning av f\u00e4ltpersonal tar mindre \u00e4n en dag.<\/p>\n<p>[\/vc_column_text][\/vc_column_inner][vc_column_inner el_class=&#8221;taustakoko&#8221; width=&#8221;1\/3&#8243; css=&#8221;.vc_custom_1524737712143{padding-bottom: 20px !important;background-image: url(https:\/\/www.trestima.com\/w\/\/wp-content\/uploads\/2018\/04\/trestima-oy-metsanmittaus-pinomittaus-jarjestelmat.png?id=1016) !important;background-position: center !important;background-repeat: no-repeat !important;background-size: contain !important;}&#8221;][vc_column_text css=&#8221;.vc_custom_1596782996690{padding-right: 10px !important;padding-left: 10px !important;}&#8221; el_class=&#8221;minimikoko&#8221;]<\/p>\n<h3 style=\"text-align: center;\">Inga m\u00e4nskliga fel<\/h3>\n<p style=\"text-align: center;\">F\u00e4ltarbetet \u00e4r s\u00e5 str\u00f6mlinjeformat att det \u00e4r mycket sv\u00e5rt att g\u00f6ra misstag. Dessutom elimineras fel som uppst\u00e5r genom placering av traditionella fasta ytor.<\/p>\n<p>[\/vc_column_text][\/vc_column_inner][vc_column_inner el_class=&#8221;taustakoko&#8221; width=&#8221;1\/3&#8243; css=&#8221;.vc_custom_1524737731102{padding-bottom: 20px !important;background-image: url(https:\/\/www.trestima.com\/w\/\/wp-content\/uploads\/2018\/04\/trestima-oy-metsanmittaus-pinomittaus-jarjestelmat.png?id=1016) !important;background-position: center !important;background-repeat: no-repeat !important;background-size: contain !important;}&#8221;][vc_column_text css=&#8221;.vc_custom_1596783038272{padding-right: 10px !important;padding-left: 10px !important;}&#8221; el_class=&#8221;minimikoko&#8221;]<\/p>\n<h3 style=\"text-align: center;\">F\u00e5 tillg\u00e5ng till alla funktioner<\/h3>\n<p style=\"text-align: center;\">Du har ocks\u00e5 tillg\u00e5ng till alla traditionella TRESTIMA\u00ae-systemfunktioner och data\u00f6verf\u00f6ringsalternativ.<\/p>\n<p>[\/vc_column_text][\/vc_column_inner][\/vc_row_inner][\/vc_column][\/vc_row][vc_row css=&#8221;.vc_custom_1524470752568{margin-top: 50px !important;}&#8221;][vc_column width=&#8221;1\/6&#8243; offset=&#8221;vc_hidden-md vc_hidden-sm vc_hidden-xs&#8221;][\/vc_column][vc_column css=&#8221;.vc_custom_1524470955922{padding-right: 15px !important;padding-left: 15px !important;}&#8221; offset=&#8221;vc_col-lg-8 vc_col-md-12&#8243;][vc_column_text]<\/p>\n<h2 style=\"text-align: center; margin-bottom: 30px!important;\">F\u00f6rfr\u00e5gningar<\/h2>\n<p style=\"text-align: center;\">Vill veta mer? Ring oss eller l\u00e4mna en kommentar med kontaktformul\u00e4ret.<\/p>\n<h3 style=\"text-align: center;\">Simo Kivim\u00e4ki<a href=\"tel:+358 50\u00a0326 2530\"> +358 50\u00a03872891<\/a><\/h3>\n<p>[\/vc_column_text][vc_column_text]<div role=\"form\" class=\"wpcf7\" id=\"wpcf7-f1956-o1\" lang=\"fi\" dir=\"ltr\">\n<div class=\"screen-reader-response\"><p role=\"status\" aria-live=\"polite\" aria-atomic=\"true\"><\/p> <ul><\/ul><\/div>\n<form action=\"\/w\/wp-json\/wp\/v2\/pages\/6800#wpcf7-f1956-o1\" method=\"post\" class=\"wpcf7-form init\" novalidate=\"novalidate\" data-status=\"init\">\n<div style=\"display: none;\">\n<input type=\"hidden\" name=\"_wpcf7\" value=\"1956\" \/>\n<input type=\"hidden\" name=\"_wpcf7_version\" value=\"5.6.3\" \/>\n<input type=\"hidden\" name=\"_wpcf7_locale\" value=\"fi\" \/>\n<input type=\"hidden\" name=\"_wpcf7_unit_tag\" value=\"wpcf7-f1956-o1\" \/>\n<input type=\"hidden\" name=\"_wpcf7_container_post\" value=\"0\" \/>\n<input type=\"hidden\" name=\"_wpcf7_posted_data_hash\" value=\"\" \/>\n<\/div>\n<div class=\"wholeform\">\n<p><label>V\u00e4lj adress<\/label><br \/>\n<span class=\"wpcf7-form-control-wrap\" data-name=\"radio-112\"><span class=\"wpcf7-form-control wpcf7-radio\"><span class=\"wpcf7-list-item first\"><input type=\"radio\" name=\"radio-112\" value=\"S\u00e4lj\" checked=\"checked\" \/><span class=\"wpcf7-list-item-label\">S\u00e4lj<\/span><\/span><span class=\"wpcf7-list-item last\"><input type=\"radio\" name=\"radio-112\" value=\"Simo Kivim\u00e4ki\" \/><span class=\"wpcf7-list-item-label\">Simo Kivim\u00e4ki<\/span><\/span><\/span><\/span><\/p>\n<div class=\"leftform\">\n<label> <span class=\"wpcf7-form-control-wrap\" data-name=\"your-name\"><input type=\"text\" name=\"your-name\" value=\"\" size=\"40\" class=\"wpcf7-form-control wpcf7-text wpcf7-validates-as-required\" aria-required=\"true\" aria-invalid=\"false\" placeholder=\"Namn\" \/><\/span> <\/label><\/p>\n<p><label> <span class=\"wpcf7-form-control-wrap\" data-name=\"your-company\"><input type=\"text\" name=\"your-company\" value=\"\" size=\"40\" class=\"wpcf7-form-control wpcf7-text wpcf7-validates-as-required\" aria-required=\"true\" aria-invalid=\"false\" placeholder=\"F\u00f6retag eller organisation\" \/><\/span> <\/label><\/p>\n<p><label> <span class=\"wpcf7-form-control-wrap\" data-name=\"your-email\"><input type=\"email\" name=\"your-email\" value=\"\" size=\"40\" class=\"wpcf7-form-control wpcf7-text wpcf7-email wpcf7-validates-as-required wpcf7-validates-as-email\" aria-required=\"true\" aria-invalid=\"false\" placeholder=\"E-post\" \/><\/span> <\/label><\/p>\n<p><label> <span class=\"wpcf7-form-control-wrap\" data-name=\"tel-935\"><input type=\"tel\" name=\"tel-935\" value=\"\" size=\"40\" class=\"wpcf7-form-control wpcf7-text wpcf7-tel wpcf7-validates-as-required wpcf7-validates-as-tel\" aria-required=\"true\" aria-invalid=\"false\" placeholder=\"Telefonnummer\" \/><\/span> <\/label><\/div>\n<div class=\"rightform\"><label> <span class=\"wpcf7-form-control-wrap\" data-name=\"your-message\"><textarea name=\"your-message\" cols=\"40\" rows=\"10\" class=\"wpcf7-form-control wpcf7-textarea\" aria-invalid=\"false\" placeholder=\"Meddelande\"><\/textarea><\/span> <\/label><\/div>\n<p><input type=\"submit\" value=\"Skicka\" class=\"wpcf7-form-control has-spinner wpcf7-submit\" \/><\/p>\n<\/div>\n<div class=\"wpcf7-response-output\" aria-hidden=\"true\"><\/div><\/form><\/div>[\/vc_column_text][\/vc_column][vc_column width=&#8221;1\/6&#8243; offset=&#8221;vc_hidden-md vc_hidden-sm vc_hidden-xs&#8221;][\/vc_column][\/vc_row]<\/p>\n","protected":false},"excerpt":{"rendered":"<p>[vc_row css=&#8221;.vc_custom_1524476254941{margin-bottom: 50px !important;padding-right: 15px !important;padding-left: 15px !important;}&#8221;][vc_column css=&#8221;.vc_custom_1524224841441{padding-right: 15px !important;padding-left: 15px !important;}&#8221;][vc_row_inner gap=&#8221;30&#8243;][vc_column_inner width=&#8221;1\/3&#8243;][\/vc_column_inner][vc_column_inner width=&#8221;1\/3&#8243;][\/vc_column_inner][vc_column_inner width=&#8221;1\/3&#8243;][\/vc_column_inner][\/vc_row_inner][vc_row_inner gap=&#8221;30&#8243;][vc_column_inner width=&#8221;1\/3&#8243;][vc_single_image image=&#8221;6774&#8243; img_size=&#8221;large&#8221; alignment=&#8221;center&#8221;][\/vc_column_inner][vc_column_inner width=&#8221;1\/3&#8243;][vc_single_image image=&#8221;6758&#8243; img_size=&#8221;large&#8221; alignment=&#8221;center&#8221;][\/vc_column_inner][vc_column_inner width=&#8221;1\/3&#8243;][vc_single_image image=&#8221;6782&#8243; img_size=&#8221;large&#8221; alignment=&#8221;center&#8221; style=&#8221;vc_box_border&#8221;][\/vc_column_inner][\/vc_row_inner][\/vc_column][\/vc_row][vc_row full_width=&#8221;stretch_row&#8221; css=&#8221;.vc_custom_1524738250669{padding-top: 50px !important;padding-bottom: 50px !important;background-image: url(https:\/\/www.trestima.com\/w\/\/wp-content\/uploads\/2018\/04\/trestima-oy-metsanmittausjarjestelma-metsasuunnittelijalle-viranomaisille.png?id=1025) !important;background-position: center !important;background-repeat: no-repeat !important;background-size: cover !important;}&#8221;][vc_column css=&#8221;.vc_custom_1524216748026{padding-right: 15px !important;padding-left: 15px !important;}&#8221;][vc_row_inner gap=&#8221;30&#8243; css=&#8221;.vc_custom_1524217052196{padding-right: 15px !important;padding-bottom: px&hellip;<\/p>\n","protected":false},"author":4,"featured_media":0,"parent":0,"menu_order":0,"comment_status":"closed","ping_status":"open","template":"","meta":{"_monsterinsights_skip_tracking":false,"_monsterinsights_sitenote_active":false,"_monsterinsights_sitenote_note":"","_monsterinsights_sitenote_category":0},"_links":{"self":[{"href":"https:\/\/www.trestima.com\/w\/wp-json\/wp\/v2\/pages\/6800"}],"collection":[{"href":"https:\/\/www.trestima.com\/w\/wp-json\/wp\/v2\/pages"}],"about":[{"href":"https:\/\/www.trestima.com\/w\/wp-json\/wp\/v2\/types\/page"}],"author":[{"embeddable":true,"href":"https:\/\/www.trestima.com\/w\/wp-json\/wp\/v2\/users\/4"}],"replies":[{"embeddable":true,"href":"https:\/\/www.trestima.com\/w\/wp-json\/wp\/v2\/comments?post=6800"}],"version-history":[{"count":5,"href":"https:\/\/www.trestima.com\/w\/wp-json\/wp\/v2\/pages\/6800\/revisions"}],"predecessor-version":[{"id":6858,"href":"https:\/\/www.trestima.com\/w\/wp-json\/wp\/v2\/pages\/6800\/revisions\/6858"}],"wp:attachment":[{"href":"https:\/\/www.trestima.com\/w\/wp-json\/wp\/v2\/media?parent=6800"}],"curies":[{"name":"wp","href":"https:\/\/api.w.org\/{rel}","templated":true}]}}