{"id":6752,"date":"2020-08-06T22:19:15","date_gmt":"2020-08-06T20:19:15","guid":{"rendered":"https:\/\/www.trestima.com\/w\/?page_id=6752"},"modified":"2020-08-06T22:25:41","modified_gmt":"2020-08-06T20:25:41","slug":"plantaaseille","status":"publish","type":"page","link":"https:\/\/www.trestima.com\/w\/plantaaseille\/","title":{"rendered":"Plantaaseille"},"content":{"rendered":"<p>[vc_row css=&#8221;.vc_custom_1524476254941{margin-bottom: 50px !important;padding-right: 15px !important;padding-left: 15px !important;}&#8221;][vc_column css=&#8221;.vc_custom_1524224841441{padding-right: 15px !important;padding-left: 15px !important;}&#8221;]<div id=\"ultimate-heading-575469e587ec63ff8\" class=\"uvc-heading ult-adjust-bottom-margin ultimate-heading-575469e587ec63ff8 uvc-214  uvc-heading-default-font-sizes\" data-hspacer=\"no_spacer\"  data-halign=\"center\" style=\"text-align:center\"><div class=\"uvc-heading-spacer no_spacer\" style=\"top\"><\/div><div class=\"uvc-main-heading ult-responsive\"  data-ultimate-target='.uvc-heading.ultimate-heading-575469e587ec63ff8 h2'  data-responsive-json-new='{\"font-size\":\"\",\"line-height\":\"\"}' ><h2 style=\"--font-weight:theme;margin-bottom:30px;\">Plantaaseille r\u00e4\u00e4t\u00e4l\u00f6idyll\u00e4 versiolla maksimoit tarkkuuden<\/h2><\/div><\/div>[vc_row_inner gap=&#8221;30&#8243;][vc_column_inner width=&#8221;1\/3&#8243;]<div class=\"aio-icon-component   boxheader style_1\"><div id=\"Info-box-wrap-6670\" class=\"aio-icon-box left-icon\" style=\"\"  ><div class=\"aio-ibd-block\"><div class=\"aio-icon-header\" ><h3 class=\"aio-icon-title ult-responsive\"  data-ultimate-target='#Info-box-wrap-6670 .aio-icon-title'  data-responsive-json-new='{\"font-size\":\"\",\"line-height\":\"\"}'  style=\"\">1<\/h3><\/div> <!-- header --><div class=\"aio-icon-description ult-responsive\"  data-ultimate-target='#Info-box-wrap-6670 .aio-icon-description'  data-responsive-json-new='{\"font-size\":\"\",\"line-height\":\"\"}'  style=\"\">J\u00e4rjestelm\u00e4 m\u00e4\u00e4ritt\u00e4\u00e4 riitt\u00e4v\u00e4n m\u00e4\u00e4r\u00e4n koealoja mets\u00e4tilalle siten, ett\u00e4 haluttu tarkkuustaso saavutetaan.<\/div> <!-- description --><\/div> <!-- aio-ibd-block --><\/div> <!-- aio-icon-box --><\/div> <!-- aio-icon-component -->[\/vc_column_inner][vc_column_inner width=&#8221;1\/3&#8243;]<div class=\"aio-icon-component   boxheader style_1\"><div id=\"Info-box-wrap-5521\" class=\"aio-icon-box left-icon\" style=\"\"  ><div class=\"aio-ibd-block\"><div class=\"aio-icon-header\" ><h3 class=\"aio-icon-title ult-responsive\"  data-ultimate-target='#Info-box-wrap-5521 .aio-icon-title'  data-responsive-json-new='{\"font-size\":\"\",\"line-height\":\"\"}'  style=\"\">2<\/h3><\/div> <!-- header --><div class=\"aio-icon-description ult-responsive\"  data-ultimate-target='#Info-box-wrap-5521 .aio-icon-description'  data-responsive-json-new='{\"font-size\":\"\",\"line-height\":\"\"}'  style=\"\">Mobiilisovellus ohjaa k\u00e4ytt\u00e4j\u00e4n maastossa kullekin koealapisteelle, joissa kussakin otetaan yksi n\u00e4ytekuva sovelluksen osoittamaan suuntaan.<\/div> <!-- description --><\/div> <!-- aio-ibd-block --><\/div> <!-- aio-icon-box --><\/div> <!-- aio-icon-component -->[\/vc_column_inner][vc_column_inner width=&#8221;1\/3&#8243;]<div class=\"aio-icon-component   boxheader style_1\"><div id=\"Info-box-wrap-9014\" class=\"aio-icon-box left-icon\" style=\"\"  ><div class=\"aio-ibd-block\"><div class=\"aio-icon-header\" ><h3 class=\"aio-icon-title ult-responsive\"  data-ultimate-target='#Info-box-wrap-9014 .aio-icon-title'  data-responsive-json-new='{\"font-size\":\"\",\"line-height\":\"\"}'  style=\"\">3<\/h3><\/div> <!-- header --><div class=\"aio-icon-description ult-responsive\"  data-ultimate-target='#Info-box-wrap-9014 .aio-icon-description'  data-responsive-json-new='{\"font-size\":\"\",\"line-height\":\"\"}'  style=\"\">N\u00e4ytekuvista saatu tieto yhdistet\u00e4\u00e4n paikallisiin pituuskasvu- ja runkomalleihin. Lopputuloksena saavutetaan tarkin mahdollinen inventointitieto puustosta.<\/div> <!-- description --><\/div> <!-- aio-ibd-block --><\/div> <!-- aio-icon-box --><\/div> <!-- aio-icon-component -->[\/vc_column_inner][\/vc_row_inner][vc_row_inner gap=&#8221;30&#8243;][vc_column_inner width=&#8221;1\/3&#8243;][vc_single_image image=&#8221;6774&#8243; img_size=&#8221;large&#8221; alignment=&#8221;center&#8221;][\/vc_column_inner][vc_column_inner width=&#8221;1\/3&#8243;][vc_single_image image=&#8221;6758&#8243; img_size=&#8221;large&#8221; alignment=&#8221;center&#8221;][\/vc_column_inner][vc_column_inner width=&#8221;1\/3&#8243;][vc_single_image image=&#8221;6782&#8243; img_size=&#8221;large&#8221; alignment=&#8221;center&#8221; style=&#8221;vc_box_border&#8221;][\/vc_column_inner][\/vc_row_inner][\/vc_column][\/vc_row][vc_row full_width=&#8221;stretch_row&#8221; css=&#8221;.vc_custom_1524738250669{padding-top: 50px !important;padding-bottom: 50px !important;background-image: url(https:\/\/www.trestima.com\/w\/\/wp-content\/uploads\/2018\/04\/trestima-oy-metsanmittausjarjestelma-metsasuunnittelijalle-viranomaisille.png?id=1025) !important;background-position: center !important;background-repeat: no-repeat !important;background-size: cover !important;}&#8221;][vc_column css=&#8221;.vc_custom_1524216748026{padding-right: 15px !important;padding-left: 15px !important;}&#8221;]<div id=\"ultimate-heading-287869e587ec64695\" class=\"uvc-heading ult-adjust-bottom-margin ultimate-heading-287869e587ec64695 uvc-8929 \" data-hspacer=\"no_spacer\"  data-halign=\"center\" style=\"text-align:center\"><div class=\"uvc-heading-spacer no_spacer\" style=\"top\"><\/div><div class=\"uvc-main-heading ult-responsive\"  data-ultimate-target='.uvc-heading.ultimate-heading-287869e587ec64695 h2'  data-responsive-json-new='{\"font-size\":\"desktop:50px;\",\"line-height\":\"\"}' ><h2 style=\"--font-weight:theme;color:#000000;margin-bottom:30px;\">TRESTIMA\u00ae Plantaaseille on r\u00e4\u00e4t\u00e4l\u00f6ity istutusmetsi\u00e4 varten<\/h2><\/div><\/div>[vc_row_inner gap=&#8221;30&#8243; css=&#8221;.vc_custom_1524217052196{padding-right: 15px !important;padding-bottom: px !important;padding-left: 15px !important;}&#8221;][vc_column_inner css=&#8221;.vc_custom_1524471284491{padding-bottom: 20px !important;background-position: center !important;background-repeat: no-repeat !important;background-size: contain !important;}&#8221; offset=&#8221;vc_col-lg-6 vc_col-md-6&#8243;][vc_single_image image=&#8221;6785&#8243; img_size=&#8221;full&#8221;][\/vc_column_inner][vc_column_inner css=&#8221;.vc_custom_1524471294392{padding-bottom: 20px !important;background-position: center !important;background-repeat: no-repeat !important;background-size: contain !important;}&#8221; offset=&#8221;vc_col-lg-6 vc_col-md-6&#8243;][vc_column_text]Plantaasimets\u00e4taloudessa mittaustiedon tulee olla aina luotettavaa ja tarkkaa, mutta kuitenkin kustannustehokasta. Ratkaisimme t\u00e4m\u00e4n ongelman r\u00e4\u00e4t\u00e4l\u00f6im\u00e4ll\u00e4 TRESTIMA\u00ae Mets\u00e4nmittausj\u00e4rjestelm\u00e4st\u00e4 erityisen version plantaaseille, jossa mittaustapahtuma on t\u00e4ysin formalisoitu, mutta silti \u00e4\u00e4rimm\u00e4isen helppo.<\/p>\n<p>TRESTIMA\u00ae Plantaaseille luo mitattavalle alueelle koealoja, joiden m\u00e4\u00e4r\u00e4 riippuu alueen pinta-alasta.<\/p>\n<p>Koealat n\u00e4kyv\u00e4t kentt\u00e4henkil\u00f6kunnan mobiilisovelluksessa, jolloin navigointi niille on helppoa.<\/p>\n<p>Kullakin koealalla otetaan yksi kuva ennalta m\u00e4\u00e4r\u00e4ttyyn suuntaan. Sovellus ohjaa kuvaussuunnan ruudulla n\u00e4kyv\u00e4ll\u00e4 kompassilla.<\/p>\n<p>Kun jokainen koeala on kuvattu, mittaus on valmis.<\/p>\n<p>J\u00e4rjestelm\u00e4 laskee kuvista pohjapinta-alan ja puuston l\u00e4pimittajakauman. Pituudet kullekin rungolle saadaan lokaaleista kasvumalleista, jotka voidaan populoida ennakkoon asiakkaan historia-aineistosta tai sy\u00f6tt\u00e4m\u00e4ll\u00e4 kullekin kohteelle n. 10 pituus&amp;l\u00e4pimitta-paria eri l\u00e4pimittaluokissa. TRESTIMA\u00ae k\u00e4ytt\u00e4\u00e4 Morgan-Mercer-Flodin (MMF) -yht\u00e4l\u00f6\u00e4 kasvumallien sovitteena.<\/p>\n<p>Lopputuloksena saavutetaan hyvin tarkka (&lt;5% virhe 95% tapauksista) tieto mets\u00e4n puum\u00e4\u00e4r\u00e4st\u00e4 niin tilavuuden, keskil\u00e4pimitan, kuin runkoluvunkin suhteen.[\/vc_column_text][\/vc_column_inner][\/vc_row_inner][\/vc_column][\/vc_row][vc_row css=&#8221;.vc_custom_1524474128047{margin-bottom: 50px !important;border-bottom-width: 50px !important;padding-top: 50px !important;}&#8221;][vc_column css=&#8221;.vc_custom_1524225499678{padding-right: 15px !important;padding-left: 15px !important;}&#8221;]<div id=\"ultimate-heading-291169e587ec646d0\" class=\"uvc-heading ult-adjust-bottom-margin ultimate-heading-291169e587ec646d0 uvc-1394  uvc-heading-default-font-sizes\" data-hspacer=\"no_spacer\"  data-halign=\"center\" style=\"text-align:center\"><div class=\"uvc-heading-spacer no_spacer\" style=\"top\"><\/div><div class=\"uvc-main-heading ult-responsive\"  data-ultimate-target='.uvc-heading.ultimate-heading-291169e587ec646d0 h2'  data-responsive-json-new='{\"font-size\":\"\",\"line-height\":\"\"}' ><h2 style=\"--font-weight:theme;\">TRESTIMA\u00ae Plantaaseille hy\u00f6dyt<\/h2><\/div><div class=\"uvc-sub-heading ult-responsive\"  data-ultimate-target='.uvc-heading.ultimate-heading-291169e587ec646d0 .uvc-sub-heading '  data-responsive-json-new='{\"font-size\":\"\",\"line-height\":\"\"}'  style=\"font-weight:normal;margin-bottom:30px;\"><\/p>\n<h3 style=\"text-align: center;\">TRESTIMA\u00ae -j\u00e4rjestelm\u00e4ll\u00e4 on lukuisia etuja perinteisiin menetelmiin verrattuna:<\/h3>\n<p><\/div><\/div>[vc_row_inner equal_height=&#8221;yes&#8221; gap=&#8221;30&#8243;][vc_column_inner el_class=&#8221;taustakoko&#8221; width=&#8221;1\/3&#8243; css=&#8221;.vc_custom_1524737656522{padding-bottom: 20px !important;background-image: url(https:\/\/www.trestima.com\/w\/\/wp-content\/uploads\/2018\/04\/trestima-oy-metsanmittaus-pinomittaus-jarjestelmat.png?id=1016) !important;background-position: center !important;background-repeat: no-repeat !important;background-size: contain !important;}&#8221;][vc_column_text css=&#8221;.vc_custom_1596738786394{padding-right: 10px !important;padding-left: 10px !important;}&#8221; el_class=&#8221;minimikoko&#8221;]<\/p>\n<h3 style=\"text-align: center;\">Mittaus on objektiivinen<\/h3>\n<p style=\"text-align: center;\">Mittaaja ei vaikutta lopputulokseen.<\/p>\n<p>[\/vc_column_text][\/vc_column_inner][vc_column_inner el_class=&#8221;taustakoko&#8221; width=&#8221;1\/3&#8243; css=&#8221;.vc_custom_1524737755602{padding-bottom: 20px !important;background-image: url(https:\/\/www.trestima.com\/w\/\/wp-content\/uploads\/2018\/04\/trestima-oy-metsanmittaus-pinomittaus-jarjestelmat.png?id=1016) !important;background-position: center !important;background-repeat: no-repeat !important;background-size: contain !important;}&#8221;][vc_column_text css=&#8221;.vc_custom_1596739584737{padding-right: 10px !important;padding-left: 10px !important;}&#8221; el_class=&#8221;minimikoko&#8221;]<\/p>\n<h3 style=\"text-align: center;\">Mittaus on tarkka<\/h3>\n<p style=\"text-align: center;\">Mittavirhe perussuureille on v\u00e4hemm\u00e4n kuin 5% (95% tapauksissa).<\/p>\n<p>[\/vc_column_text][\/vc_column_inner][vc_column_inner el_class=&#8221;taustakoko&#8221; width=&#8221;1\/3&#8243; css=&#8221;.vc_custom_1524737764670{padding-bottom: 20px !important;background-image: url(https:\/\/www.trestima.com\/w\/\/wp-content\/uploads\/2018\/04\/trestima-oy-metsanmittaus-pinomittaus-jarjestelmat.png?id=1016) !important;background-position: center !important;background-repeat: no-repeat !important;background-size: contain !important;}&#8221;][vc_column_text css=&#8221;.vc_custom_1596738708676{padding-right: 10px !important;padding-left: 10px !important;}&#8221; el_class=&#8221;minimikoko&#8221;]<\/p>\n<h3 style=\"text-align: center;\">Mittaus on nopea<\/h3>\n<p style=\"text-align: center;\">hehtaarin inventointiin kuluu tyypillisesti alle viisi minuuttia yhdelt\u00e4 hengelt\u00e4.<\/p>\n<p>[\/vc_column_text][\/vc_column_inner][\/vc_row_inner][vc_row_inner equal_height=&#8221;yes&#8221; gap=&#8221;30&#8243; css=&#8221;.vc_custom_1524565102263{margin-bottom: 50px !important;}&#8221;][vc_column_inner el_class=&#8221;taustakoko&#8221; width=&#8221;1\/3&#8243; css=&#8221;.vc_custom_1524737701073{padding-bottom: 20px !important;background-image: url(https:\/\/www.trestima.com\/w\/\/wp-content\/uploads\/2018\/04\/trestima-oy-metsanmittaus-pinomittaus-jarjestelmat.png?id=1016) !important;background-position: center !important;background-repeat: no-repeat !important;background-size: contain !important;}&#8221;][vc_column_text css=&#8221;.vc_custom_1596738886642{padding-right: 10px !important;padding-left: 10px !important;}&#8221; el_class=&#8221;minimikoko&#8221;]<\/p>\n<h3 style=\"text-align: center;\">Helppo k\u00e4ytt\u00f6\u00f6notto<\/h3>\n<p style=\"text-align: center;\">Uusien k\u00e4ytt\u00e4jien kouluttaminen yhdess\u00e4 p\u00e4iv\u00e4ss\u00e4<\/p>\n<p>[\/vc_column_text][\/vc_column_inner][vc_column_inner el_class=&#8221;taustakoko&#8221; width=&#8221;1\/3&#8243; css=&#8221;.vc_custom_1524737712143{padding-bottom: 20px !important;background-image: url(https:\/\/www.trestima.com\/w\/\/wp-content\/uploads\/2018\/04\/trestima-oy-metsanmittaus-pinomittaus-jarjestelmat.png?id=1016) !important;background-position: center !important;background-repeat: no-repeat !important;background-size: contain !important;}&#8221;][vc_column_text css=&#8221;.vc_custom_1596739087352{padding-right: 10px !important;padding-left: 10px !important;}&#8221; el_class=&#8221;minimikoko&#8221;]<\/p>\n<h3 style=\"text-align: center;\">Ei inhimillisi\u00e4 virheit\u00e4<\/h3>\n<p style=\"text-align: center;\">Kentt\u00e4ty\u00f6prosessi on niin virtaviivainen, ett\u00e4 virheiden tekeminen on hyvin vaikeaa. Lis\u00e4ksi perinteisten kiinteiden koelaojen sijoittamisesta syntyv\u00e4t virheet poistuvat.<\/p>\n<p>[\/vc_column_text][\/vc_column_inner][vc_column_inner el_class=&#8221;taustakoko&#8221; width=&#8221;1\/3&#8243; css=&#8221;.vc_custom_1524737731102{padding-bottom: 20px !important;background-image: url(https:\/\/www.trestima.com\/w\/\/wp-content\/uploads\/2018\/04\/trestima-oy-metsanmittaus-pinomittaus-jarjestelmat.png?id=1016) !important;background-position: center !important;background-repeat: no-repeat !important;background-size: contain !important;}&#8221;][vc_column_text css=&#8221;.vc_custom_1596739400946{padding-right: 10px !important;padding-left: 10px !important;}&#8221; el_class=&#8221;minimikoko&#8221;]<\/p>\n<h3 style=\"text-align: center;\">Kaikki ty\u00f6kalut k\u00e4yt\u00f6ss\u00e4<\/h3>\n<p style=\"text-align: center;\">K\u00e4yt\u00f6ss\u00e4si on my\u00f6s kaikki perinteiset TRESTIMA\u00ae -j\u00e4rjestelm\u00e4n ominaisuudet ja tiedonsiirtomahdollisuudet.<\/p>\n<p>[\/vc_column_text][\/vc_column_inner][\/vc_row_inner][\/vc_column][\/vc_row][vc_row css=&#8221;.vc_custom_1524470752568{margin-top: 50px !important;}&#8221;][vc_column width=&#8221;1\/6&#8243; offset=&#8221;vc_hidden-md vc_hidden-sm vc_hidden-xs&#8221;][\/vc_column][vc_column css=&#8221;.vc_custom_1524470955922{padding-right: 15px !important;padding-left: 15px !important;}&#8221; offset=&#8221;vc_col-lg-8 vc_col-md-12&#8243;][vc_column_text]<\/p>\n<h2 style=\"text-align: center; margin-bottom: 30px!important;\">Tiedustelut<\/h2>\n<p style=\"text-align: center;\">Haluatko kuulla lis\u00e4\u00e4 tai varata henkil\u00f6kohtaisen esittelywebinaarin? Soita ja kysy lis\u00e4\u00e4 tai j\u00e4t\u00e4 yhteydenottopyynt\u00f6 lomakkeella.<\/p>\n<h3 style=\"text-align: center;\">Simo Kivim\u00e4ki<a href=\"tel:+358 50\u00a0326 2530\"> +358 50\u00a03872891<\/a><\/h3>\n<p>[\/vc_column_text][vc_column_text]<div role=\"form\" class=\"wpcf7\" id=\"wpcf7-f428-o1\" lang=\"fi\" dir=\"ltr\">\n<div class=\"screen-reader-response\"><p role=\"status\" aria-live=\"polite\" aria-atomic=\"true\"><\/p> <ul><\/ul><\/div>\n<form action=\"\/w\/wp-json\/wp\/v2\/pages\/6752#wpcf7-f428-o1\" method=\"post\" class=\"wpcf7-form init\" novalidate=\"novalidate\" data-status=\"init\">\n<div style=\"display: none;\">\n<input type=\"hidden\" name=\"_wpcf7\" value=\"428\" \/>\n<input type=\"hidden\" name=\"_wpcf7_version\" value=\"5.6.3\" \/>\n<input type=\"hidden\" name=\"_wpcf7_locale\" value=\"fi\" \/>\n<input type=\"hidden\" name=\"_wpcf7_unit_tag\" value=\"wpcf7-f428-o1\" \/>\n<input type=\"hidden\" name=\"_wpcf7_container_post\" value=\"0\" \/>\n<input type=\"hidden\" name=\"_wpcf7_posted_data_hash\" value=\"\" \/>\n<\/div>\n<div class=\"wholeform\">\n<p><label> Valitse osoite <\/label><br \/>\n<span class=\"wpcf7-form-control-wrap\" data-name=\"radio-112\"><span class=\"wpcf7-form-control wpcf7-radio\"><span class=\"wpcf7-list-item first\"><input type=\"radio\" name=\"radio-112\" value=\"Myynti\" checked=\"checked\" \/><span class=\"wpcf7-list-item-label\">Myynti<\/span><\/span><span class=\"wpcf7-list-item last\"><input type=\"radio\" name=\"radio-112\" value=\"Simo Kivim\u00e4ki\" \/><span class=\"wpcf7-list-item-label\">Simo Kivim\u00e4ki<\/span><\/span><\/span><\/span><\/p>\n<div class=\"leftform\">\n<label> <span class=\"wpcf7-form-control-wrap\" data-name=\"your-name\"><input type=\"text\" name=\"your-name\" value=\"\" size=\"40\" class=\"wpcf7-form-control wpcf7-text wpcf7-validates-as-required\" aria-required=\"true\" aria-invalid=\"false\" placeholder=\"Nimi\" \/><\/span> <\/label><\/p>\n<p><label> <span class=\"wpcf7-form-control-wrap\" data-name=\"your-company\"><input type=\"text\" name=\"your-company\" value=\"\" size=\"40\" class=\"wpcf7-form-control wpcf7-text wpcf7-validates-as-required\" aria-required=\"true\" aria-invalid=\"false\" placeholder=\"Yritys tai yhteis\u00f6\" \/><\/span> <\/label><\/p>\n<p><label> <span class=\"wpcf7-form-control-wrap\" data-name=\"your-email\"><input type=\"email\" name=\"your-email\" value=\"\" size=\"40\" class=\"wpcf7-form-control wpcf7-text wpcf7-email wpcf7-validates-as-required wpcf7-validates-as-email\" aria-required=\"true\" aria-invalid=\"false\" placeholder=\"S\u00e4hk\u00f6posti\" \/><\/span> <\/label><\/p>\n<p><label> <span class=\"wpcf7-form-control-wrap\" data-name=\"tel-935\"><input type=\"tel\" name=\"tel-935\" value=\"\" size=\"40\" class=\"wpcf7-form-control wpcf7-text wpcf7-tel wpcf7-validates-as-required wpcf7-validates-as-tel\" aria-required=\"true\" aria-invalid=\"false\" placeholder=\"Puhelinnumero\" \/><\/span> <\/label><\/div>\n<div class=\"rightform\"><label> <span class=\"wpcf7-form-control-wrap\" data-name=\"your-message\"><textarea name=\"your-message\" cols=\"40\" rows=\"10\" class=\"wpcf7-form-control wpcf7-textarea\" aria-invalid=\"false\" placeholder=\"Viesti\"><\/textarea><\/span> <\/label><\/div>\n<p><input type=\"submit\" value=\"L\u00e4het\u00e4\" class=\"wpcf7-form-control has-spinner wpcf7-submit\" \/><\/p>\n<\/div>\n<div class=\"wpcf7-response-output\" aria-hidden=\"true\"><\/div><\/form><\/div>[\/vc_column_text][\/vc_column][vc_column width=&#8221;1\/6&#8243; offset=&#8221;vc_hidden-md vc_hidden-sm vc_hidden-xs&#8221;][\/vc_column][\/vc_row]<\/p>\n","protected":false},"excerpt":{"rendered":"<p>[vc_row css=&#8221;.vc_custom_1524476254941{margin-bottom: 50px !important;padding-right: 15px !important;padding-left: 15px !important;}&#8221;][vc_column css=&#8221;.vc_custom_1524224841441{padding-right: 15px !important;padding-left: 15px !important;}&#8221;][vc_row_inner gap=&#8221;30&#8243;][vc_column_inner width=&#8221;1\/3&#8243;][\/vc_column_inner][vc_column_inner width=&#8221;1\/3&#8243;][\/vc_column_inner][vc_column_inner width=&#8221;1\/3&#8243;][\/vc_column_inner][\/vc_row_inner][vc_row_inner gap=&#8221;30&#8243;][vc_column_inner width=&#8221;1\/3&#8243;][vc_single_image image=&#8221;6774&#8243; img_size=&#8221;large&#8221; alignment=&#8221;center&#8221;][\/vc_column_inner][vc_column_inner width=&#8221;1\/3&#8243;][vc_single_image image=&#8221;6758&#8243; img_size=&#8221;large&#8221; alignment=&#8221;center&#8221;][\/vc_column_inner][vc_column_inner width=&#8221;1\/3&#8243;][vc_single_image image=&#8221;6782&#8243; img_size=&#8221;large&#8221; alignment=&#8221;center&#8221; style=&#8221;vc_box_border&#8221;][\/vc_column_inner][\/vc_row_inner][\/vc_column][\/vc_row][vc_row full_width=&#8221;stretch_row&#8221; css=&#8221;.vc_custom_1524738250669{padding-top: 50px !important;padding-bottom: 50px !important;background-image: url(https:\/\/www.trestima.com\/w\/\/wp-content\/uploads\/2018\/04\/trestima-oy-metsanmittausjarjestelma-metsasuunnittelijalle-viranomaisille.png?id=1025) !important;background-position: center !important;background-repeat: no-repeat !important;background-size: cover !important;}&#8221;][vc_column css=&#8221;.vc_custom_1524216748026{padding-right: 15px !important;padding-left: 15px !important;}&#8221;][vc_row_inner gap=&#8221;30&#8243; css=&#8221;.vc_custom_1524217052196{padding-right: 15px !important;padding-bottom: px&hellip;<\/p>\n","protected":false},"author":4,"featured_media":0,"parent":0,"menu_order":0,"comment_status":"closed","ping_status":"open","template":"","meta":{"_monsterinsights_skip_tracking":false,"_monsterinsights_sitenote_active":false,"_monsterinsights_sitenote_note":"","_monsterinsights_sitenote_category":0},"_links":{"self":[{"href":"https:\/\/www.trestima.com\/w\/wp-json\/wp\/v2\/pages\/6752"}],"collection":[{"href":"https:\/\/www.trestima.com\/w\/wp-json\/wp\/v2\/pages"}],"about":[{"href":"https:\/\/www.trestima.com\/w\/wp-json\/wp\/v2\/types\/page"}],"author":[{"embeddable":true,"href":"https:\/\/www.trestima.com\/w\/wp-json\/wp\/v2\/users\/4"}],"replies":[{"embeddable":true,"href":"https:\/\/www.trestima.com\/w\/wp-json\/wp\/v2\/comments?post=6752"}],"version-history":[{"count":27,"href":"https:\/\/www.trestima.com\/w\/wp-json\/wp\/v2\/pages\/6752\/revisions"}],"predecessor-version":[{"id":6794,"href":"https:\/\/www.trestima.com\/w\/wp-json\/wp\/v2\/pages\/6752\/revisions\/6794"}],"wp:attachment":[{"href":"https:\/\/www.trestima.com\/w\/wp-json\/wp\/v2\/media?parent=6752"}],"curies":[{"name":"wp","href":"https:\/\/api.w.org\/{rel}","templated":true}]}}