{"id":334,"date":"2018-03-28T12:48:34","date_gmt":"2018-03-28T10:48:34","guid":{"rendered":"https:\/\/www.trestima.com\/w\/\/?page_id=334"},"modified":"2020-08-06T22:25:17","modified_gmt":"2020-08-06T20:25:17","slug":"kantokasittelyn-mittaus","status":"publish","type":"page","link":"https:\/\/www.trestima.com\/w\/kantokasittelyn-mittaus\/","title":{"rendered":"Kantok\u00e4sittelyn mittaus"},"content":{"rendered":"<p>[vc_row css=&#8221;.vc_custom_1524563499228{padding-bottom: 50px !important;}&#8221;][vc_column][vc_column_text]<\/p>\n<h3 style=\"text-align: center;\">Mittaa kantok\u00e4sittelyn onnistumista mm. juurik\u00e4\u00e4v\u00e4n torjunnassa ottamalla valokuvia liuoksella k\u00e4sitellyist\u00e4 kannoista! Sovellus kertoo kuinka hyvin liuos on levinnyt k\u00e4sitellyn kannon sahauspinnalle.<\/h3>\n<p>[\/vc_column_text][\/vc_column][\/vc_row][vc_row full_width=&#8221;stretch_row&#8221; css=&#8221;.vc_custom_1524738451993{padding-top: 50px !important;padding-bottom: 50px !important;background-image: url(https:\/\/www.trestima.com\/w\/\/wp-content\/uploads\/2018\/04\/trestima-oy-metsanmittausjarjestelma-metsasuunnittelijalle-viranomaisille.png?id=1025) !important;background-position: center !important;background-repeat: no-repeat !important;background-size: cover !important;}&#8221;][vc_column css=&#8221;.vc_custom_1524216748026{padding-right: 15px !important;padding-left: 15px !important;}&#8221;]<div id=\"ultimate-heading-201569db9a00008da\" class=\"uvc-heading ult-adjust-bottom-margin ultimate-heading-201569db9a00008da uvc-7624  uvc-heading-default-font-sizes\" data-hspacer=\"no_spacer\"  data-halign=\"center\" style=\"text-align:center\"><div class=\"uvc-heading-spacer no_spacer\" style=\"top\"><\/div><div class=\"uvc-main-heading ult-responsive\"  data-ultimate-target='.uvc-heading.ultimate-heading-201569db9a00008da h2'  data-responsive-json-new='{\"font-size\":\"\",\"line-height\":\"\"}' ><h2 style=\"--font-weight:theme;margin-bottom:30px;\">Kantok\u00e4sittelyn mittaus<\/h2><\/div><\/div>[vc_row_inner gap=&#8221;30&#8243; css=&#8221;.vc_custom_1524217052196{padding-right: 15px !important;padding-bottom: px !important;padding-left: 15px !important;}&#8221;][vc_column_inner css=&#8221;.vc_custom_1524471284491{padding-bottom: 20px !important;background-position: center !important;background-repeat: no-repeat !important;background-size: contain !important;}&#8221; offset=&#8221;vc_col-lg-6 vc_col-md-6&#8243;][vc_column_text]Suomessa mets\u00e4n hakkaajan on huolehdittava hakkuiden yhteydess\u00e4 juurik\u00e4\u00e4v\u00e4n torjunnasta riskialueilla. Yksi torjuntamenetelmist\u00e4 on kantok\u00e4sittely hyv\u00e4ksytyll\u00e4 kantok\u00e4sittelyaineella. Torjunta-aineen levitys tapahtuu automaattisesti harvesterin katkaistessa puuta. Jotta torjunta katsotaan onnistuneeksi, on kantojen katkaisupinta-alasta oltava torjunta-aineen peitossa v\u00e4hint\u00e4\u00e4n 85%. TRESTIMA on kehitt\u00e4nyt yhdess\u00e4 Suomen Mets\u00e4keskuksen kanssa tuotteen, jolla kantok\u00e4sittelyn kattavuus voidaan mitata vaivattomasti, tarkasti ja objektiivisesti. Tulos on nopeasti saatavilla, sek\u00e4 jaettavissa havainnollisena raporttina.[\/vc_column_text][\/vc_column_inner][vc_column_inner css=&#8221;.vc_custom_1524471294392{padding-bottom: 20px !important;background-position: center !important;background-repeat: no-repeat !important;background-size: contain !important;}&#8221; offset=&#8221;vc_col-lg-6 vc_col-md-6&#8243;][vc_single_image image=&#8221;1719&#8243; img_size=&#8221;full&#8221;][\/vc_column_inner][\/vc_row_inner][vc_row_inner][vc_column_inner width=&#8221;1\/2&#8243; css=&#8221;.vc_custom_1524473915605{padding-right: 15px !important;padding-left: 15px !important;}&#8221;][vc_single_image image=&#8221;1722&#8243; img_size=&#8221;full&#8221; css=&#8221;.vc_custom_1527750849133{padding-right: 15px !important;padding-left: 15px !important;}&#8221;][\/vc_column_inner][vc_column_inner width=&#8221;1\/2&#8243;][vc_column_text]TRESTIMA kantok\u00e4sittelyn mittaussovelluksella kantojen mittaus on helppoa: kantoja kuvataan suunnaten \u00e4lypuhelimen kamera alasp\u00e4in. Kattavaan mittaukseen tulee kuvata v\u00e4hint\u00e4\u00e4n 10 kantoa. Mittauksen suorittaminen kohteesta riippuen kest\u00e4\u00e4 tyypillisesti n. 5-10 minuuttia. Tulos on valmis muutaman minuutin sis\u00e4ll\u00e4 viimeisest\u00e4 kuvasta, ja se on n\u00e4ht\u00e4viss\u00e4 mobiliililaitteessa sek\u00e4 TRESTIMAn web-palvelussa. Mittausraportti\u00a0 kuvineen on helposti jaettavissa\u00a0 tuloksesta kiinnostuneille osapuolille.[\/vc_column_text][\/vc_column_inner][\/vc_row_inner][\/vc_column][\/vc_row][vc_row css=&#8221;.vc_custom_1524641142195{margin-top: 50px !important;}&#8221;][vc_column width=&#8221;1\/6&#8243; offset=&#8221;vc_hidden-md vc_hidden-sm vc_hidden-xs&#8221;][\/vc_column][vc_column offset=&#8221;vc_col-lg-8 vc_col-md-12&#8243;][vc_column_text]<\/p>\n<h2 style=\"text-align: center; margin-bottom: 30px!important;\">Tiedustelut<\/h2>\n<p style=\"text-align: center;\">Haluatko kuulla lis\u00e4\u00e4 tai varata henkil\u00f6kohtaisen esittelywebinaarin? Soita ja kysy lis\u00e4\u00e4 tai j\u00e4t\u00e4 yhteydenottopyynt\u00f6 lomakkeella.<\/p>\n<h3 style=\"text-align: center;\">Simo Kivim\u00e4ki\u00a0<a href=\"tel:+358 50\u00a0326 2530\">+358 50 3872891\u00a0\u00a0<\/a><\/h3>\n<p>[\/vc_column_text][vc_column_text]<div role=\"form\" class=\"wpcf7\" id=\"wpcf7-f428-o1\" lang=\"fi\" dir=\"ltr\">\n<div class=\"screen-reader-response\"><p role=\"status\" aria-live=\"polite\" aria-atomic=\"true\"><\/p> <ul><\/ul><\/div>\n<form action=\"\/w\/wp-json\/wp\/v2\/pages\/334#wpcf7-f428-o1\" method=\"post\" class=\"wpcf7-form init\" novalidate=\"novalidate\" data-status=\"init\">\n<div style=\"display: none;\">\n<input type=\"hidden\" name=\"_wpcf7\" value=\"428\" \/>\n<input type=\"hidden\" name=\"_wpcf7_version\" value=\"5.6.3\" \/>\n<input type=\"hidden\" name=\"_wpcf7_locale\" value=\"fi\" \/>\n<input type=\"hidden\" name=\"_wpcf7_unit_tag\" value=\"wpcf7-f428-o1\" \/>\n<input type=\"hidden\" name=\"_wpcf7_container_post\" value=\"0\" \/>\n<input type=\"hidden\" name=\"_wpcf7_posted_data_hash\" value=\"\" \/>\n<\/div>\n<div class=\"wholeform\">\n<p><label> Valitse osoite <\/label><br \/>\n<span class=\"wpcf7-form-control-wrap\" data-name=\"radio-112\"><span class=\"wpcf7-form-control wpcf7-radio\"><span class=\"wpcf7-list-item first\"><input type=\"radio\" name=\"radio-112\" value=\"Myynti\" checked=\"checked\" \/><span class=\"wpcf7-list-item-label\">Myynti<\/span><\/span><span class=\"wpcf7-list-item last\"><input type=\"radio\" name=\"radio-112\" value=\"Simo Kivim\u00e4ki\" \/><span class=\"wpcf7-list-item-label\">Simo Kivim\u00e4ki<\/span><\/span><\/span><\/span><\/p>\n<div class=\"leftform\">\n<label> <span class=\"wpcf7-form-control-wrap\" data-name=\"your-name\"><input type=\"text\" name=\"your-name\" value=\"\" size=\"40\" class=\"wpcf7-form-control wpcf7-text wpcf7-validates-as-required\" aria-required=\"true\" aria-invalid=\"false\" placeholder=\"Nimi\" \/><\/span> <\/label><\/p>\n<p><label> <span class=\"wpcf7-form-control-wrap\" data-name=\"your-company\"><input type=\"text\" name=\"your-company\" value=\"\" size=\"40\" class=\"wpcf7-form-control wpcf7-text wpcf7-validates-as-required\" aria-required=\"true\" aria-invalid=\"false\" placeholder=\"Yritys tai yhteis\u00f6\" \/><\/span> <\/label><\/p>\n<p><label> <span class=\"wpcf7-form-control-wrap\" data-name=\"your-email\"><input type=\"email\" name=\"your-email\" value=\"\" size=\"40\" class=\"wpcf7-form-control wpcf7-text wpcf7-email wpcf7-validates-as-required wpcf7-validates-as-email\" aria-required=\"true\" aria-invalid=\"false\" placeholder=\"S\u00e4hk\u00f6posti\" \/><\/span> <\/label><\/p>\n<p><label> <span class=\"wpcf7-form-control-wrap\" data-name=\"tel-935\"><input type=\"tel\" name=\"tel-935\" value=\"\" size=\"40\" class=\"wpcf7-form-control wpcf7-text wpcf7-tel wpcf7-validates-as-required wpcf7-validates-as-tel\" aria-required=\"true\" aria-invalid=\"false\" placeholder=\"Puhelinnumero\" \/><\/span> <\/label><\/div>\n<div class=\"rightform\"><label> <span class=\"wpcf7-form-control-wrap\" data-name=\"your-message\"><textarea name=\"your-message\" cols=\"40\" rows=\"10\" class=\"wpcf7-form-control wpcf7-textarea\" aria-invalid=\"false\" placeholder=\"Viesti\"><\/textarea><\/span> <\/label><\/div>\n<p><input type=\"submit\" value=\"L\u00e4het\u00e4\" class=\"wpcf7-form-control has-spinner wpcf7-submit\" \/><\/p>\n<\/div>\n<div class=\"wpcf7-response-output\" aria-hidden=\"true\"><\/div><\/form><\/div>[\/vc_column_text][\/vc_column][vc_column width=&#8221;1\/6&#8243; offset=&#8221;vc_hidden-md vc_hidden-sm vc_hidden-xs&#8221;][\/vc_column][\/vc_row][vc_row][vc_column][\/vc_column][\/vc_row]<\/p>\n","protected":false},"excerpt":{"rendered":"<p>[vc_row css=&#8221;.vc_custom_1524563499228{padding-bottom: 50px !important;}&#8221;][vc_column][vc_column_text] Mittaa kantok\u00e4sittelyn onnistumista mm. juurik\u00e4\u00e4v\u00e4n torjunnassa ottamalla valokuvia liuoksella k\u00e4sitellyist\u00e4 kannoista! Sovellus kertoo kuinka hyvin liuos on levinnyt k\u00e4sitellyn kannon sahauspinnalle. [\/vc_column_text][\/vc_column][\/vc_row][vc_row full_width=&#8221;stretch_row&#8221; css=&#8221;.vc_custom_1524738451993{padding-top: 50px !important;padding-bottom: 50px !important;background-image: url(https:\/\/www.trestima.com\/w\/\/wp-content\/uploads\/2018\/04\/trestima-oy-metsanmittausjarjestelma-metsasuunnittelijalle-viranomaisille.png?id=1025) !important;background-position: center !important;background-repeat: no-repeat !important;background-size: cover !important;}&#8221;][vc_column css=&#8221;.vc_custom_1524216748026{padding-right: 15px !important;padding-left: 15px !important;}&#8221;][vc_row_inner gap=&#8221;30&#8243; css=&#8221;.vc_custom_1524217052196{padding-right: 15px !important;padding-bottom: px !important;padding-left: 15px !important;}&#8221;][vc_column_inner css=&#8221;.vc_custom_1524471284491{padding-bottom: 20px&hellip;<\/p>\n","protected":false},"author":2,"featured_media":0,"parent":0,"menu_order":0,"comment_status":"closed","ping_status":"closed","template":"","meta":{"_monsterinsights_skip_tracking":false,"_monsterinsights_sitenote_active":false,"_monsterinsights_sitenote_note":"","_monsterinsights_sitenote_category":0},"_links":{"self":[{"href":"https:\/\/www.trestima.com\/w\/wp-json\/wp\/v2\/pages\/334"}],"collection":[{"href":"https:\/\/www.trestima.com\/w\/wp-json\/wp\/v2\/pages"}],"about":[{"href":"https:\/\/www.trestima.com\/w\/wp-json\/wp\/v2\/types\/page"}],"author":[{"embeddable":true,"href":"https:\/\/www.trestima.com\/w\/wp-json\/wp\/v2\/users\/2"}],"replies":[{"embeddable":true,"href":"https:\/\/www.trestima.com\/w\/wp-json\/wp\/v2\/comments?post=334"}],"version-history":[{"count":47,"href":"https:\/\/www.trestima.com\/w\/wp-json\/wp\/v2\/pages\/334\/revisions"}],"predecessor-version":[{"id":3075,"href":"https:\/\/www.trestima.com\/w\/wp-json\/wp\/v2\/pages\/334\/revisions\/3075"}],"wp:attachment":[{"href":"https:\/\/www.trestima.com\/w\/wp-json\/wp\/v2\/media?parent=334"}],"curies":[{"name":"wp","href":"https:\/\/api.w.org\/{rel}","templated":true}]}}