{"id":2255,"date":"2019-02-04T12:02:27","date_gmt":"2019-02-04T10:02:27","guid":{"rendered":"https:\/\/www.trestima.com\/w\/?page_id=2255"},"modified":"2019-02-04T14:38:23","modified_gmt":"2019-02-04T12:38:23","slug":"tayta-yhteystiedot","status":"publish","type":"page","link":"https:\/\/www.trestima.com\/w\/tayta-yhteystiedot\/","title":{"rendered":"T\u00e4yt\u00e4 yhteystietosi"},"content":{"rendered":"<p>[vc_row css=&#8221;.vc_custom_1524559302297{padding-right: 15px !important;padding-left: 15px !important;}&#8221;][vc_column]<div id=\"ultimate-heading-76569d4a35f97bba\" class=\"uvc-heading ult-adjust-bottom-margin ultimate-heading-76569d4a35f97bba uvc-3045  uvc-heading-default-font-sizes\" data-hspacer=\"no_spacer\"  data-halign=\"center\" style=\"text-align:center\"><div class=\"uvc-heading-spacer no_spacer\" style=\"top\"><\/div><div class=\"uvc-main-heading ult-responsive\"  data-ultimate-target='.uvc-heading.ultimate-heading-76569d4a35f97bba h2'  data-responsive-json-new='{\"font-size\":\"\",\"line-height\":\"\"}' ><h2 style=\"--font-weight:theme;color:#3da336;margin-bottom:50px;\">ANNA YHTEYSTIETOSI - SAAT TUNNUKSET S\u00c4HK\u00d6POSTISSA<\/h2><\/div><\/div>[vc_row_inner][vc_column_inner][vc_column_text]Kaikkien tuotteidemme k\u00e4ytt\u00f6\u00f6n, tarvitset vain <em>TRESTIMA<\/em>-sovelluksen puhelimesi sovelluskaupasta. Kirjautumista varten toimitamme sinulle henkil\u00f6kohtaiset k\u00e4yt\u00e4j\u00e4tunnukset. Samoilla tunnuksilla p\u00e4\u00e4set sovelluksen lis\u00e4ksi kirjautumaan my\u00f6s pilvipalveluumme sivun oikean yl\u00e4kulman &#8221;<em>Kirjaudu<\/em>&#8221; -napilla.<\/p>\n<p>Anna yhteystietosi alla olevalla lomakkeella, niin toimitamme sinulle tunnukset, tai olemme yhteydess\u00e4 lis\u00e4tietoja varten.[\/vc_column_text][\/vc_column_inner][\/vc_row_inner][\/vc_column][\/vc_row][vc_row css=&#8221;.vc_custom_1549273389905{margin-top: 50px !important;margin-bottom: 50px !important;}&#8221;][vc_column width=&#8221;1\/6&#8243; offset=&#8221;vc_hidden-md vc_hidden-sm vc_hidden-xs&#8221;][\/vc_column][vc_column offset=&#8221;vc_col-lg-8 vc_col-md-12&#8243;]<div id=\"ultimate-heading-743969d4a35f97c04\" class=\"uvc-heading ult-adjust-bottom-margin ultimate-heading-743969d4a35f97c04 uvc-6041  uvc-heading-default-font-sizes\" data-hspacer=\"no_spacer\"  data-halign=\"center\" style=\"text-align:center\"><div class=\"uvc-heading-spacer no_spacer\" style=\"top\"><\/div><\/div>[vc_column_text]<div role=\"form\" class=\"wpcf7\" id=\"wpcf7-f2260-o1\" lang=\"fi\" dir=\"ltr\">\n<div class=\"screen-reader-response\"><p role=\"status\" aria-live=\"polite\" aria-atomic=\"true\"><\/p> <ul><\/ul><\/div>\n<form action=\"\/w\/wp-json\/wp\/v2\/pages\/2255#wpcf7-f2260-o1\" method=\"post\" class=\"wpcf7-form init\" novalidate=\"novalidate\" data-status=\"init\">\n<div style=\"display: none;\">\n<input type=\"hidden\" name=\"_wpcf7\" value=\"2260\" \/>\n<input type=\"hidden\" name=\"_wpcf7_version\" value=\"5.6.3\" \/>\n<input type=\"hidden\" name=\"_wpcf7_locale\" value=\"fi\" \/>\n<input type=\"hidden\" name=\"_wpcf7_unit_tag\" value=\"wpcf7-f2260-o1\" \/>\n<input type=\"hidden\" name=\"_wpcf7_container_post\" value=\"0\" \/>\n<input type=\"hidden\" name=\"_wpcf7_posted_data_hash\" value=\"\" \/>\n<\/div>\n<div class=\"wholeform\">\n<p><label> Valitse tuote <\/label><br \/>\n<span class=\"wpcf7-form-control-wrap\" data-name=\"radio-112\"><span class=\"wpcf7-form-control wpcf7-radio\"><span class=\"wpcf7-list-item first\"><input type=\"radio\" name=\"radio-112\" value=\"Mets\u00e4nmittausj\u00e4rjestelm\u00e4\" checked=\"checked\" \/><span class=\"wpcf7-list-item-label\">Mets\u00e4nmittausj\u00e4rjestelm\u00e4<\/span><\/span><span class=\"wpcf7-list-item\"><input type=\"radio\" name=\"radio-112\" value=\"Stack pinomittausj\u00e4rjestelm\u00e4\" \/><span class=\"wpcf7-list-item-label\">Stack pinomittausj\u00e4rjestelm\u00e4<\/span><\/span><span class=\"wpcf7-list-item last\"><input type=\"radio\" name=\"radio-112\" value=\"Kantok\u00e4sittelyn mittaus\" \/><span class=\"wpcf7-list-item-label\">Kantok\u00e4sittelyn mittaus<\/span><\/span><\/span><\/span><\/p>\n<div class=\"leftform\">\n<label> <span class=\"wpcf7-form-control-wrap\" data-name=\"your-name\"><input type=\"text\" name=\"your-name\" value=\"\" size=\"40\" class=\"wpcf7-form-control wpcf7-text wpcf7-validates-as-required\" aria-required=\"true\" aria-invalid=\"false\" placeholder=\"Nimi\" \/><\/span> <\/label><\/p>\n<p><label> <span class=\"wpcf7-form-control-wrap\" data-name=\"your-company\"><input type=\"text\" name=\"your-company\" value=\"\" size=\"40\" class=\"wpcf7-form-control wpcf7-text wpcf7-validates-as-required\" aria-required=\"true\" aria-invalid=\"false\" placeholder=\"Yritys tai yhteis\u00f6\" \/><\/span> <\/label><\/p>\n<p><label> <span class=\"wpcf7-form-control-wrap\" data-name=\"your-email\"><input type=\"email\" name=\"your-email\" value=\"\" size=\"40\" class=\"wpcf7-form-control wpcf7-text wpcf7-email wpcf7-validates-as-required wpcf7-validates-as-email\" aria-required=\"true\" aria-invalid=\"false\" placeholder=\"S\u00e4hk\u00f6posti\" \/><\/span> <\/label><\/p>\n<p><label> <span class=\"wpcf7-form-control-wrap\" data-name=\"tel-935\"><input type=\"tel\" name=\"tel-935\" value=\"\" size=\"40\" class=\"wpcf7-form-control wpcf7-text wpcf7-tel wpcf7-validates-as-required wpcf7-validates-as-tel\" aria-required=\"true\" aria-invalid=\"false\" placeholder=\"Puhelinnumero\" \/><\/span> <\/label><\/div>\n<div class=\"rightform\"><label> <span class=\"wpcf7-form-control-wrap\" data-name=\"your-message\"><textarea name=\"your-message\" cols=\"40\" rows=\"10\" class=\"wpcf7-form-control wpcf7-textarea\" aria-invalid=\"false\" placeholder=\"Viesti\"><\/textarea><\/span> <\/label><\/div>\n<p><input type=\"submit\" value=\"L\u00e4het\u00e4\" class=\"wpcf7-form-control has-spinner wpcf7-submit\" \/><\/p>\n<\/div>\n<div class=\"wpcf7-response-output\" aria-hidden=\"true\"><\/div><\/form><\/div>[\/vc_column_text][\/vc_column][\/vc_row]<\/p>\n","protected":false},"excerpt":{"rendered":"<p>[vc_row css=&#8221;.vc_custom_1524559302297{padding-right: 15px !important;padding-left: 15px !important;}&#8221;][vc_column][vc_row_inner][vc_column_inner][vc_column_text]Kaikkien tuotteidemme k\u00e4ytt\u00f6\u00f6n, tarvitset vain TRESTIMA-sovelluksen puhelimesi sovelluskaupasta. Kirjautumista varten toimitamme sinulle henkil\u00f6kohtaiset k\u00e4yt\u00e4j\u00e4tunnukset. Samoilla tunnuksilla p\u00e4\u00e4set sovelluksen lis\u00e4ksi kirjautumaan my\u00f6s pilvipalveluumme sivun oikean yl\u00e4kulman &#8221;Kirjaudu&#8221; -napilla. Anna yhteystietosi alla olevalla lomakkeella, niin toimitamme sinulle tunnukset, tai olemme yhteydess\u00e4 lis\u00e4tietoja varten.[\/vc_column_text][\/vc_column_inner][\/vc_row_inner][\/vc_column][\/vc_row][vc_row css=&#8221;.vc_custom_1549273389905{margin-top: 50px !important;margin-bottom: 50px !important;}&#8221;][vc_column width=&#8221;1\/6&#8243; offset=&#8221;vc_hidden-md vc_hidden-sm vc_hidden-xs&#8221;][\/vc_column][vc_column&hellip;<\/p>\n","protected":false},"author":4,"featured_media":0,"parent":0,"menu_order":0,"comment_status":"closed","ping_status":"open","template":"","meta":{"_monsterinsights_skip_tracking":false,"_monsterinsights_sitenote_active":false,"_monsterinsights_sitenote_note":"","_monsterinsights_sitenote_category":0},"_links":{"self":[{"href":"https:\/\/www.trestima.com\/w\/wp-json\/wp\/v2\/pages\/2255"}],"collection":[{"href":"https:\/\/www.trestima.com\/w\/wp-json\/wp\/v2\/pages"}],"about":[{"href":"https:\/\/www.trestima.com\/w\/wp-json\/wp\/v2\/types\/page"}],"author":[{"embeddable":true,"href":"https:\/\/www.trestima.com\/w\/wp-json\/wp\/v2\/users\/4"}],"replies":[{"embeddable":true,"href":"https:\/\/www.trestima.com\/w\/wp-json\/wp\/v2\/comments?post=2255"}],"version-history":[{"count":9,"href":"https:\/\/www.trestima.com\/w\/wp-json\/wp\/v2\/pages\/2255\/revisions"}],"predecessor-version":[{"id":2278,"href":"https:\/\/www.trestima.com\/w\/wp-json\/wp\/v2\/pages\/2255\/revisions\/2278"}],"wp:attachment":[{"href":"https:\/\/www.trestima.com\/w\/wp-json\/wp\/v2\/media?parent=2255"}],"curies":[{"name":"wp","href":"https:\/\/api.w.org\/{rel}","templated":true}]}}