{"id":1648,"date":"2018-05-28T14:55:09","date_gmt":"2018-05-28T12:55:09","guid":{"rendered":"https:\/\/www.trestima.com\/w\/\/?page_id=1648"},"modified":"2019-04-02T12:02:40","modified_gmt":"2019-04-02T10:02:40","slug":"matning-av-belastningshantering","status":"publish","type":"page","link":"https:\/\/www.trestima.com\/w\/sv\/matning-av-belastningshantering\/","title":{"rendered":"M\u00e4tning av stubbhantering"},"content":{"rendered":"<p>[vc_row css=&#8221;.vc_custom_1524563499228{padding-bottom: 50px !important;}&#8221;][vc_column][vc_column_text]<\/p>\n<h3 style=\"text-align: center;\"><span lang=\"sv-SE\">M\u00e4t stubbhantering f\u00f6r att t ex f\u00f6rebygga rotr\u00f6ta genom att ta bilder p\u00e5 de stubbar som behandlats med l\u00f6sning. Appen ber\u00e4ttar hur v\u00e4l l\u00f6sningen har spridit sig p\u00e5 den behandlade stubbens yta.<\/span><\/h3>\n<p>[\/vc_column_text][\/vc_column][\/vc_row][vc_row full_width=&#8221;stretch_row&#8221; css=&#8221;.vc_custom_1524738451993{padding-top: 50px !important;padding-bottom: 50px !important;background-image: url(https:\/\/www.trestima.com\/w\/\/wp-content\/uploads\/2018\/04\/trestima-oy-metsanmittausjarjestelma-metsasuunnittelijalle-viranomaisille.png?id=1025) !important;background-position: center !important;background-repeat: no-repeat !important;background-size: cover !important;}&#8221;][vc_column css=&#8221;.vc_custom_1524216748026{padding-right: 15px !important;padding-left: 15px !important;}&#8221;]<div id=\"ultimate-heading-54169deee974489f\" class=\"uvc-heading ult-adjust-bottom-margin ultimate-heading-54169deee974489f uvc-9379  uvc-heading-default-font-sizes\" data-hspacer=\"no_spacer\"  data-halign=\"center\" style=\"text-align:center\"><div class=\"uvc-heading-spacer no_spacer\" style=\"top\"><\/div><div class=\"uvc-main-heading ult-responsive\"  data-ultimate-target='.uvc-heading.ultimate-heading-54169deee974489f h2'  data-responsive-json-new='{\"font-size\":\"\",\"line-height\":\"\"}' ><h2 style=\"--font-weight:theme;margin-bottom:30px;\">M\u00e4tning avg stubbhantering<\/h2><\/div><\/div>[vc_row_inner gap=&#8221;30&#8243; css=&#8221;.vc_custom_1524217052196{padding-right: 15px !important;padding-bottom: px !important;padding-left: 15px !important;}&#8221;][vc_column_inner css=&#8221;.vc_custom_1524471284491{padding-bottom: 20px !important;background-position: center !important;background-repeat: no-repeat !important;background-size: contain !important;}&#8221; offset=&#8221;vc_col-lg-6 vc_col-md-6&#8243;][vc_column_text]<span lang=\"sv-SE\">I Finland \u00e4r det avverkarens ansvar att f\u00f6rebygga rotr\u00f6ta. Ett av hanteringss\u00e4tten \u00e4r behandling av stubbar med en bra l\u00f6sning. Applicering av l\u00f6sningen sker automatiskt n\u00e4r harvestern kapar tr\u00e4det. F\u00f6r att f\u00f6rebyggandet ska anses som lyckad, ska minst 85% av stubbens s\u00e5gyta var t\u00e4ckt av l\u00f6sning. TRESTIMA har tillsammans med Finland Skogscenter tagit fram en produkt, som m\u00e4ter stubbhanteringen p\u00e5 ett enkelt, exakt och objektivt s\u00e4tt. Resultatet g\u00e5r att f\u00e5 fram snabbt och kan delas som en rapport. <\/span>[\/vc_column_text][\/vc_column_inner][vc_column_inner css=&#8221;.vc_custom_1524471294392{padding-bottom: 20px !important;background-position: center !important;background-repeat: no-repeat !important;background-size: contain !important;}&#8221; offset=&#8221;vc_col-lg-6 vc_col-md-6&#8243;][vc_single_image image=&#8221;1719&#8243; img_size=&#8221;full&#8221;][\/vc_column_inner][\/vc_row_inner][vc_row_inner][vc_column_inner width=&#8221;1\/2&#8243; css=&#8221;.vc_custom_1524473915605{padding-right: 15px !important;padding-left: 15px !important;}&#8221;][vc_single_image image=&#8221;1722&#8243; img_size=&#8221;full&#8221; css=&#8221;.vc_custom_1527751074303{padding-right: 15px !important;padding-left: 15px !important;}&#8221;][\/vc_column_inner][vc_column_inner width=&#8221;1\/2&#8243;][vc_column_text]<span lang=\"sv-SE\">TRESTIMA appen f\u00f6r m\u00e4tning av stubbhantering \u00e4r enkel: ta en bild p\u00e5 stubbarna genom att rikta kameran ned\u00e5t. F\u00f6r att sammanst\u00e4lla en t\u00e4ckande m\u00e4tning b\u00f6r minst 10 stubbar fotograferas. M\u00e4tningen tar, beroende p\u00e5 objekt, ca 5-10 minuter. Resultatet \u00e4r klart inom n\u00e5gra minuter fr\u00e5n den sista bilden, och kan ses b\u00e5de p\u00e5 den mobila enheten via appen samt via TRESTIMAs webtj\u00e4nst. M\u00e4tningsrapporten med tillh\u00f6rande bilder kan l\u00e4tt delas med de ber\u00f6rda<\/span>[\/vc_column_text][\/vc_column_inner][\/vc_row_inner][\/vc_column][\/vc_row][vc_row css=&#8221;.vc_custom_1524641142195{margin-top: 50px !important;}&#8221;][vc_column width=&#8221;1\/6&#8243; offset=&#8221;vc_hidden-md vc_hidden-sm vc_hidden-xs&#8221;][\/vc_column][vc_column offset=&#8221;vc_col-lg-8 vc_col-md-12&#8243;][vc_column_text]<\/p>\n<h2 style=\"text-align: center;\"><span lang=\"sv-SE\">F\u00f6rfr\u00e5gningar<\/span><\/h2>\n<p style=\"text-align: center;\"><span lang=\"sv-SE\">Vill du veta mer ? Ring oss eller l\u00e4mna en kontaktf\u00f6rfr\u00e5gan via formul\u00e4ret. <\/span><\/p>\n<h3 style=\"text-align: center;\">Simo Kivim\u00e4ki<a href=\"tel:+358 50\u00a0326 2530\"> +358 50\u00a0387 2891<\/a><\/h3>\n<h3 style=\"text-align: center;\"><\/h3>\n<p>[\/vc_column_text][vc_column_text]<div role=\"form\" class=\"wpcf7\" id=\"wpcf7-f1956-o1\" lang=\"fi\" dir=\"ltr\">\n<div class=\"screen-reader-response\"><p role=\"status\" aria-live=\"polite\" aria-atomic=\"true\"><\/p> <ul><\/ul><\/div>\n<form action=\"\/w\/wp-json\/wp\/v2\/pages\/1648#wpcf7-f1956-o1\" method=\"post\" class=\"wpcf7-form init\" novalidate=\"novalidate\" data-status=\"init\">\n<div style=\"display: none;\">\n<input type=\"hidden\" name=\"_wpcf7\" value=\"1956\" \/>\n<input type=\"hidden\" name=\"_wpcf7_version\" value=\"5.6.3\" \/>\n<input type=\"hidden\" name=\"_wpcf7_locale\" value=\"fi\" \/>\n<input type=\"hidden\" name=\"_wpcf7_unit_tag\" value=\"wpcf7-f1956-o1\" \/>\n<input type=\"hidden\" name=\"_wpcf7_container_post\" value=\"0\" \/>\n<input type=\"hidden\" name=\"_wpcf7_posted_data_hash\" value=\"\" \/>\n<\/div>\n<div class=\"wholeform\">\n<p><label>V\u00e4lj adress<\/label><br \/>\n<span class=\"wpcf7-form-control-wrap\" data-name=\"radio-112\"><span class=\"wpcf7-form-control wpcf7-radio\"><span class=\"wpcf7-list-item first\"><input type=\"radio\" name=\"radio-112\" value=\"S\u00e4lj\" checked=\"checked\" \/><span class=\"wpcf7-list-item-label\">S\u00e4lj<\/span><\/span><span class=\"wpcf7-list-item last\"><input type=\"radio\" name=\"radio-112\" value=\"Simo Kivim\u00e4ki\" \/><span class=\"wpcf7-list-item-label\">Simo Kivim\u00e4ki<\/span><\/span><\/span><\/span><\/p>\n<div class=\"leftform\">\n<label> <span class=\"wpcf7-form-control-wrap\" data-name=\"your-name\"><input type=\"text\" name=\"your-name\" value=\"\" size=\"40\" class=\"wpcf7-form-control wpcf7-text wpcf7-validates-as-required\" aria-required=\"true\" aria-invalid=\"false\" placeholder=\"Namn\" \/><\/span> <\/label><\/p>\n<p><label> <span class=\"wpcf7-form-control-wrap\" data-name=\"your-company\"><input type=\"text\" name=\"your-company\" value=\"\" size=\"40\" class=\"wpcf7-form-control wpcf7-text wpcf7-validates-as-required\" aria-required=\"true\" aria-invalid=\"false\" placeholder=\"F\u00f6retag eller organisation\" \/><\/span> <\/label><\/p>\n<p><label> <span class=\"wpcf7-form-control-wrap\" data-name=\"your-email\"><input type=\"email\" name=\"your-email\" value=\"\" size=\"40\" class=\"wpcf7-form-control wpcf7-text wpcf7-email wpcf7-validates-as-required wpcf7-validates-as-email\" aria-required=\"true\" aria-invalid=\"false\" placeholder=\"E-post\" \/><\/span> <\/label><\/p>\n<p><label> <span class=\"wpcf7-form-control-wrap\" data-name=\"tel-935\"><input type=\"tel\" name=\"tel-935\" value=\"\" size=\"40\" class=\"wpcf7-form-control wpcf7-text wpcf7-tel wpcf7-validates-as-required wpcf7-validates-as-tel\" aria-required=\"true\" aria-invalid=\"false\" placeholder=\"Telefonnummer\" \/><\/span> <\/label><\/div>\n<div class=\"rightform\"><label> <span class=\"wpcf7-form-control-wrap\" data-name=\"your-message\"><textarea name=\"your-message\" cols=\"40\" rows=\"10\" class=\"wpcf7-form-control wpcf7-textarea\" aria-invalid=\"false\" placeholder=\"Meddelande\"><\/textarea><\/span> <\/label><\/div>\n<p><input type=\"submit\" value=\"Skicka\" class=\"wpcf7-form-control has-spinner wpcf7-submit\" \/><\/p>\n<\/div>\n<div class=\"wpcf7-response-output\" aria-hidden=\"true\"><\/div><\/form><\/div>[\/vc_column_text][\/vc_column][vc_column width=&#8221;1\/6&#8243; offset=&#8221;vc_hidden-md vc_hidden-sm vc_hidden-xs&#8221;][\/vc_column][\/vc_row]<\/p>\n","protected":false},"excerpt":{"rendered":"<p>[vc_row css=&#8221;.vc_custom_1524563499228{padding-bottom: 50px !important;}&#8221;][vc_column][vc_column_text] M\u00e4t stubbhantering f\u00f6r att t ex f\u00f6rebygga rotr\u00f6ta genom att ta bilder p\u00e5 de stubbar som behandlats med l\u00f6sning. Appen ber\u00e4ttar hur v\u00e4l l\u00f6sningen har spridit sig p\u00e5 den behandlade stubbens yta. [\/vc_column_text][\/vc_column][\/vc_row][vc_row full_width=&#8221;stretch_row&#8221; css=&#8221;.vc_custom_1524738451993{padding-top: 50px !important;padding-bottom: 50px !important;background-image: url(https:\/\/www.trestima.com\/w\/\/wp-content\/uploads\/2018\/04\/trestima-oy-metsanmittausjarjestelma-metsasuunnittelijalle-viranomaisille.png?id=1025) !important;background-position: center !important;background-repeat: no-repeat !important;background-size: cover !important;}&#8221;][vc_column css=&#8221;.vc_custom_1524216748026{padding-right: 15px !important;padding-left: 15px&hellip;<\/p>\n","protected":false},"author":2,"featured_media":0,"parent":0,"menu_order":0,"comment_status":"closed","ping_status":"closed","template":"","meta":{"_monsterinsights_skip_tracking":false,"_monsterinsights_sitenote_active":false,"_monsterinsights_sitenote_note":"","_monsterinsights_sitenote_category":0},"_links":{"self":[{"href":"https:\/\/www.trestima.com\/w\/wp-json\/wp\/v2\/pages\/1648"}],"collection":[{"href":"https:\/\/www.trestima.com\/w\/wp-json\/wp\/v2\/pages"}],"about":[{"href":"https:\/\/www.trestima.com\/w\/wp-json\/wp\/v2\/types\/page"}],"author":[{"embeddable":true,"href":"https:\/\/www.trestima.com\/w\/wp-json\/wp\/v2\/users\/2"}],"replies":[{"embeddable":true,"href":"https:\/\/www.trestima.com\/w\/wp-json\/wp\/v2\/comments?post=1648"}],"version-history":[{"count":11,"href":"https:\/\/www.trestima.com\/w\/wp-json\/wp\/v2\/pages\/1648\/revisions"}],"predecessor-version":[{"id":2419,"href":"https:\/\/www.trestima.com\/w\/wp-json\/wp\/v2\/pages\/1648\/revisions\/2419"}],"wp:attachment":[{"href":"https:\/\/www.trestima.com\/w\/wp-json\/wp\/v2\/media?parent=1648"}],"curies":[{"name":"wp","href":"https:\/\/api.w.org\/{rel}","templated":true}]}}