{"id":1302,"date":"2018-04-27T10:12:59","date_gmt":"2018-04-27T08:12:59","guid":{"rendered":"https:\/\/www.trestima.com\/w\/\/?page_id=1302"},"modified":"2020-08-07T09:00:11","modified_gmt":"2020-08-07T07:00:11","slug":"produkter","status":"publish","type":"page","link":"https:\/\/www.trestima.com\/w\/sv\/produkter\/","title":{"rendered":"Produkter"},"content":{"rendered":"<p>[vc_row equal_height=&#8221;yes&#8221; css=&#8221;.vc_custom_1524220356449{margin-top: -150px !important;padding-right: 15px !important;padding-bottom: 70px !important;padding-left: 15px !important;}&#8221;][vc_column][vc_row_inner equal_height=&#8221;yes&#8221; gap=&#8221;30&#8243;][vc_column_inner css=&#8221;.vc_custom_1524218957270{background-color: #4b4b4a !important;background-position: center !important;background-repeat: no-repeat !important;background-size: cover !important;}&#8221; offset=&#8221;vc_col-lg-3 vc_col-md-6&#8243;]<div class=\"ult-content-box-container \" >\t<a class=\"ult-content-box-anchor\" href=\"\/w\/sv\/forest-matningssystem\/\" >\t\t<div class=\"ult-content-box\" style=\"background-color:#4b4b4a;box-shadow: px px px px none;padding-top:40px;padding-right:15px;padding-bottom:20px;padding-left:15px;-webkit-transition: all 700ms ease;-moz-transition: all 700ms ease;-ms-transition: all 700ms ease;-o-transition: all 700ms ease;transition: all 700ms ease;\"  data-hover_bg_color=\"rgba(194,210,106,0.29)\"  data-hover_box_shadow=\"none\"     data-bg=\"#4b4b4a\" >[vc_column_text el_class=&#8221;boxientekstit&#8221; css=&#8221;.vc_custom_1596783607616{padding-right: 10px !important;padding-left: 10px !important;}&#8221;]<\/p>\n<h3 style=\"text-align: center;\"><span lang=\"sv-SE\">TRESTIMA\u00ae-skogsm\u00e4tningssystem<\/span><\/h3>\n<p style=\"text-align: center;\"><span lang=\"sv-SE\">M\u00e4ter skogen exakt och fort med hj\u00e4lp av bilder. <\/span><\/p>\n<p style=\"text-align: center;\"><span lang=\"sv-SE\">L\u00e4s mer.<\/span><\/p>\n<p>[\/vc_column_text]\t\t<\/div>\t<\/a><\/div>[\/vc_column_inner][vc_column_inner css=&#8221;.vc_custom_1524218967203{background-color: #4b4b4a !important;background-position: center !important;background-repeat: no-repeat !important;background-size: contain !important;}&#8221; offset=&#8221;vc_col-lg-3 vc_col-md-6&#8243;]<div class=\"ult-content-box-container \" >\t<a class=\"ult-content-box-anchor\" href=\"\/w\/sv\/stack-stapelsmatningssystem\/\" >\t\t<div class=\"ult-content-box\" style=\"box-shadow: px px px px none;padding-top:40px;padding-right:15px;padding-bottom:20px;padding-left:15px;-webkit-transition: all 700ms ease;-moz-transition: all 700ms ease;-ms-transition: all 700ms ease;-o-transition: all 700ms ease;transition: all 700ms ease;\"  data-hover_bg_color=\"rgba(194,210,106,0.29)\"  data-hover_box_shadow=\"none\"    >[vc_column_text el_class=&#8221;boxientekstit&#8221; css=&#8221;.vc_custom_1528791230456{padding-right: 10px !important;padding-left: 10px !important;}&#8221;]<\/p>\n<h3 style=\"text-align: center;\"><span lang=\"sv-SE\">TRESTIMA\u00ae Stack stapelm\u00e4tningssystem<\/span><\/h3>\n<p style=\"text-align: center;\"><span lang=\"sv-SE\">M\u00e4ter staplar av runda stockar genom bilder via applikationen. <\/span><\/p>\n<p style=\"text-align: center;\"><span lang=\"sv-SE\">L\u00e4s mer. <\/span><\/p>\n<p>[\/vc_column_text]\t\t<\/div>\t<\/a><\/div>[\/vc_column_inner][vc_column_inner css=&#8221;.vc_custom_1524218991212{background-color: #4b4b4a !important;}&#8221; offset=&#8221;vc_col-lg-3 vc_col-md-6&#8243;]<div class=\"ult-content-box-container \" >\t<a class=\"ult-content-box-anchor\" href=\"\/w\/sv\/matning-av-belastningshantering\/\" >\t\t<div class=\"ult-content-box\" style=\"box-shadow: px px px px none;padding-top:40px;padding-right:15px;padding-bottom:20px;padding-left:15px;-webkit-transition: all 700ms ease;-moz-transition: all 700ms ease;-ms-transition: all 700ms ease;-o-transition: all 700ms ease;transition: all 700ms ease;\"  data-hover_bg_color=\"rgba(194,210,106,0.29)\"  data-hover_box_shadow=\"none\"    >[vc_column_text el_class=&#8221;boxientekstit&#8221; css=&#8221;.vc_custom_1528791248299{padding-right: 10px !important;padding-left: 10px !important;}&#8221;]<\/p>\n<h3 style=\"text-align: center;\"><span lang=\"sv-SE\">TRESTIMA\u00ae m\u00e4tning av stubbhantering<\/span><\/h3>\n<p style=\"text-align: center;\"><span lang=\"sv-SE\">Enkelt och smidigt s\u00e4tt att estimera m\u00e4ngden stubbhantering. <\/span><\/p>\n<p style=\"text-align: center;\"><span lang=\"sv-SE\">L\u00e4s mer. <\/span><\/p>\n<p>[\/vc_column_text]\t\t<\/div>\t<\/a><\/div>[\/vc_column_inner][vc_column_inner css=&#8221;.vc_custom_1524219003982{background-color: #4b4b4a !important;}&#8221; offset=&#8221;vc_col-lg-3 vc_col-md-6&#8243;]<div class=\"ult-content-box-container \" >\t<a class=\"ult-content-box-anchor\" href=\"https:\/\/www.trestima.com\/w\/sv\/for-plantagen\/\" >\t\t<div class=\"ult-content-box\" style=\"box-shadow: px px px px none;padding-top:40px;padding-right:15px;padding-bottom:20px;padding-left:15px;-webkit-transition: all 700ms ease;-moz-transition: all 700ms ease;-ms-transition: all 700ms ease;-o-transition: all 700ms ease;transition: all 700ms ease;\"  data-hover_bg_color=\"rgba(194,210,106,0.29)\"  data-hover_box_shadow=\"none\"    >[vc_column_text el_class=&#8221;boxientekstit&#8221; css=&#8221;.vc_custom_1596783578408{padding-right: 10px !important;padding-left: 10px !important;}&#8221;]<\/p>\n<h3 style=\"text-align: center;\"><span lang=\"sv-SE\">TRESTIMA\u00ae f\u00f6r plantagen<\/span><\/h3>\n<p style=\"text-align: center;\">TRESTIMA<span lang=\"sv-SE\">\u00ae<\/span>\u00a0-skogsm\u00e4tningssystem anpassat f\u00f6r plantager.<\/p>\n<p>&nbsp;<\/p>\n<p>[\/vc_column_text]\t\t<\/div>\t<\/a><\/div>[\/vc_column_inner][\/vc_row_inner][vc_row_inner equal_height=&#8221;yes&#8221; gap=&#8221;30&#8243;][vc_column_inner css=&#8221;.vc_custom_1524219003982{background-color: #4b4b4a !important;}&#8221; offset=&#8221;vc_col-lg-3 vc_col-md-6&#8243;]<div class=\"ult-content-box-container \" >\t<a class=\"ult-content-box-anchor\" href=\"\/w\/sv\/utbildning-och-material\/\" >\t\t<div class=\"ult-content-box\" style=\"box-shadow: px px px px none;padding-top:40px;padding-right:15px;padding-bottom:20px;padding-left:15px;-webkit-transition: all 700ms ease;-moz-transition: all 700ms ease;-ms-transition: all 700ms ease;-o-transition: all 700ms ease;transition: all 700ms ease;\"  data-hover_bg_color=\"rgba(194,210,106,0.29)\"  data-hover_box_shadow=\"none\"    >[vc_column_text el_class=&#8221;boxientekstit&#8221; css=&#8221;.vc_custom_1528791266825{padding-right: 10px !important;padding-left: 10px !important;}&#8221;]<\/p>\n<h3 style=\"text-align: center;\"><span lang=\"sv-SE\">TRESTIMA\u00ae utbildning och material<\/span><\/h3>\n<p style=\"text-align: center;\"><span lang=\"sv-SE\">Delta i en utbildning samt ladda ner utbildningsmaterial. <\/span><\/p>\n<p style=\"text-align: center;\"><span lang=\"sv-SE\">L\u00e4s mer. <\/span><\/p>\n<p>[\/vc_column_text]\t\t<\/div>\t<\/a><\/div>[\/vc_column_inner][\/vc_row_inner][\/vc_column][\/vc_row][vc_row css=&#8221;.vc_custom_1522231359682{padding-bottom: 50px !important;}&#8221;][vc_column width=&#8221;1\/6&#8243;][\/vc_column][vc_column width=&#8221;2\/3&#8243; css=&#8221;.vc_custom_1524220371729{padding-right: 15px !important;padding-left: 15px !important;}&#8221;][vc_column_text]<\/p>\n<h3 style=\"text-align: center;\"><span lang=\"sv-SE\">Trestima Oy:s prisbel\u00f6nta skogsm\u00e4tningssystem erbjuder den nya generationens smidighet och exakthet att g\u00f6ra skogsestimat runtom i v\u00e4rlden. Bildtydningsteknologin m\u00f6jligg\u00f6r olika typer av estimering p\u00e5 ett snabbt och effektivt s\u00e4tt samt snabbt utf\u00f6rande av stapelm\u00e4tning av runda stockar. <\/span><\/h3>\n<p>[\/vc_column_text][\/vc_column][vc_column width=&#8221;1\/6&#8243;][\/vc_column][\/vc_row][vc_row full_width=&#8221;stretch_row&#8221; css=&#8221;.vc_custom_1524738218205{padding-top: 50px !important;padding-bottom: 50px !important;background-image: url(https:\/\/www.trestima.com\/w\/\/wp-content\/uploads\/2018\/04\/trestima-oy-metsanmittausjarjestelma-metsasuunnittelijalle-viranomaisille.png?id=1025) !important;background-position: center !important;background-repeat: no-repeat !important;background-size: cover !important;}&#8221;][vc_column css=&#8221;.vc_custom_1524216748026{padding-right: 15px !important;padding-left: 15px !important;}&#8221;]<div id=\"ultimate-heading-317269e90de85b080\" class=\"uvc-heading ult-adjust-bottom-margin ultimate-heading-317269e90de85b080 uvc-2241  uvc-heading-default-font-sizes\" data-hspacer=\"no_spacer\"  data-halign=\"center\" style=\"text-align:center\"><div class=\"uvc-heading-spacer no_spacer\" style=\"top\"><\/div><div class=\"uvc-main-heading ult-responsive\"  data-ultimate-target='.uvc-heading.ultimate-heading-317269e90de85b080 h2'  data-responsive-json-new='{\"font-size\":\"\",\"line-height\":\"\"}' ><h2 style=\"--font-weight:theme;color:#3da336;margin-bottom:20px;\">Snabb att ta i bruk<\/h2><\/div><\/div>[vc_column_text]<\/p>\n<p style=\"text-align: center;\"><span lang=\"sv-SE\">TRESTIMA\u00ae -systemet \u00e4r enkelt att ta i bruk \u2013 sin organisation beh\u00f6ver endast mobila enheter till de som utf\u00f6r m\u00e4tningarna samt inloggningsuppgifter till TRESTIMA\u00ae -molntj\u00e4nsten.<\/span><\/p>\n<p style=\"text-align: center;\"><span lang=\"sv-SE\"><strong>TRESTIMA\u00ae -mobilapp finns till Android- samt Apple iOS- enheter. Apple iOS-versionen st\u00f6djer enbart basfunktionerna.<\/strong> <\/span><\/p>\n<p style=\"text-align: center;\"><strong>\u00a0<\/strong><\/p>\n<p>[\/vc_column_text][vc_empty_space height=&#8221;30px&#8221;][vc_row_inner equal_height=&#8221;yes&#8221; css=&#8221;.vc_custom_1524220597173{padding-right: 15px !important;padding-left: 15px !important;}&#8221;][vc_column_inner css=&#8221;.vc_custom_1524220436349{padding-right: 15px !important;padding-left: 15px !important;}&#8221; offset=&#8221;vc_col-lg-4 vc_col-md-4&#8243;]<div class=\"ult-content-box-container boxiyksi\" >\t<a class=\"ult-content-box-anchor\" href=\"https:\/\/play.google.com\/store\/apps\/details?id=com.trestima.androidapp\" >\t\t<div class=\"ult-content-box\" style=\"box-shadow: px px px px none;padding-top:30px;padding-right:15px;padding-bottom:20px;padding-left:15px;-webkit-transition: all 700ms ease;-moz-transition: all 700ms ease;-ms-transition: all 700ms ease;-o-transition: all 700ms ease;transition: all 700ms ease;\"  data-hover_bg_color=\"#d6d6d6\"  data-hover_box_shadow=\"none\"    ><div class=\"aio-icon-component    style_1\"><div id=\"Info-box-wrap-2025\" class=\"aio-icon-box square_box-icon\" style=\"\"  ><div class=\"aio-icon-square_box\"><div class=\"ult-just-icon-wrapper  \"><div class=\"align-icon\" style=\"text-align:center;\">\n<div class=\"aio-icon-img \" style=\"font-size:40px;display:inline-block;\" >\n\t<img class=\"img-icon\" alt=\"null\" src=\"https:\/\/www.trestima.com\/w\/wp-content\/uploads\/2018\/04\/trestima-oy-pinomittausjarjestelma-2.png\"\/>\n<\/div><\/div><\/div><\/div><div class=\"aio-icon-description ult-responsive\"  data-ultimate-target='#Info-box-wrap-2025 .aio-icon-description'  data-responsive-json-new='{\"font-size\":\"\",\"line-height\":\"\"}'  style=\"color:#000000;\"><span lang=\"sv-SE\">Android versionen kan laddas hem fr\u00e5n Google Play Store.<\/span><\/div> <!-- description --><\/div> <!-- aio-icon-box --><\/div> <!-- aio-icon-component -->\t\t<\/div>\t<\/a><\/div>[\/vc_column_inner][vc_column_inner css=&#8221;.vc_custom_1524220451762{padding-right: 15px !important;padding-left: 15px !important;}&#8221; offset=&#8221;vc_col-lg-4 vc_col-md-4&#8243;]<div class=\"ult-content-box-container boxikaksi\" >\t<a class=\"ult-content-box-anchor\" href=\"https:\/\/itunes.apple.com\/us\/app\/trestima\/id1106886045?mt=8\" >\t\t<div class=\"ult-content-box\" style=\"box-shadow: px px px px none;padding-top:30px;padding-right:15px;padding-bottom:20px;padding-left:15px;-webkit-transition: all 700ms ease;-moz-transition: all 700ms ease;-ms-transition: all 700ms ease;-o-transition: all 700ms ease;transition: all 700ms ease;\"  data-hover_bg_color=\"#d6d6d6\"  data-hover_box_shadow=\"none\"    ><div class=\"aio-icon-component    style_1\"><div id=\"Info-box-wrap-6607\" class=\"aio-icon-box square_box-icon\" style=\"\"  ><div class=\"aio-icon-square_box\"><div class=\"ult-just-icon-wrapper  \"><div class=\"align-icon\" style=\"text-align:center;\">\n<div class=\"aio-icon-img \" style=\"font-size:40px;display:inline-block;\" >\n\t<img class=\"img-icon\" alt=\"null\" src=\"https:\/\/www.trestima.com\/w\/wp-content\/uploads\/2018\/04\/trestima-oy-kantokasittelyn-mittaus.png\"\/>\n<\/div><\/div><\/div><\/div><div class=\"aio-icon-description ult-responsive\"  data-ultimate-target='#Info-box-wrap-6607 .aio-icon-description'  data-responsive-json-new='{\"font-size\":\"\",\"line-height\":\"\"}'  style=\"color:#000000;\"><span lang=\"sv-SE\">Apple versionen laddas hem fr\u00e5n iTunes.<\/span><\/div> <!-- description --><\/div> <!-- aio-icon-box --><\/div> <!-- aio-icon-component -->\t\t<\/div>\t<\/a><\/div>[\/vc_column_inner][vc_column_inner css=&#8221;.vc_custom_1524220466984{padding-right: 15px !important;padding-left: 15px !important;}&#8221; offset=&#8221;vc_col-lg-4 vc_col-md-4&#8243;]<div class=\"ult-content-box-container boxikolme\" >\t<a class=\"ult-content-box-anchor\" href=\"https:\/\/www.trestima.com\/devices_en\/\" >\t\t<div class=\"ult-content-box\" style=\"box-shadow: px px px px none;padding-top:30px;padding-right:15px;padding-bottom:20px;padding-left:15px;-webkit-transition: all 700ms ease;-moz-transition: all 700ms ease;-ms-transition: all 700ms ease;-o-transition: all 700ms ease;transition: all 700ms ease;\"  data-hover_bg_color=\"#d6d6d6\"  data-hover_box_shadow=\"none\"    ><div class=\"aio-icon-component   boxikolme style_1\"><div id=\"Info-box-wrap-4463\" class=\"aio-icon-box square_box-icon\" style=\"\"  ><div class=\"aio-icon-square_box\"><div class=\"ult-just-icon-wrapper  \"><div class=\"align-icon\" style=\"text-align:center;\">\n<div class=\"aio-icon-img \" style=\"font-size:48px;display:inline-block;\" >\n\t<img class=\"img-icon\" alt=\"null\" src=\"https:\/\/www.trestima.com\/w\/wp-content\/uploads\/2018\/04\/Trestima-Oy-Metsanmittausjarjestelma-kantokasittelyn-mittaus.png\"\/>\n<\/div><\/div><\/div><\/div><div class=\"aio-icon-description ult-responsive\"  data-ultimate-target='#Info-box-wrap-4463 .aio-icon-description'  data-responsive-json-new='{\"font-size\":\"\",\"line-height\":\"\"}'  style=\"color:#000000;\"><span lang=\"sv-SE\">Se listan \u00f6ver mobiltelefoner som st\u00f6djer funktionen<\/span><\/div> <!-- description --><\/div> <!-- aio-icon-box --><\/div> <!-- aio-icon-component -->\t\t<\/div>\t<\/a><\/div>[\/vc_column_inner][\/vc_row_inner][vc_empty_space height=&#8221;20px&#8221;][vc_column_text][\/vc_column_text][vc_empty_space height=&#8221;40px&#8221;][\/vc_column][\/vc_row][vc_row full_width=&#8221;stretch_row&#8221; css=&#8221;.vc_custom_1524462174612{margin-bottom: -70px !important;padding-top: 50px !important;padding-bottom: 50px !important;}&#8221;][vc_column width=&#8221;1\/6&#8243; el_class=&#8221;responsiivisuusasetukset&#8221; offset=&#8221;vc_hidden-md vc_hidden-sm vc_hidden-xs&#8221;][\/vc_column][vc_column offset=&#8221;vc_col-lg-8 vc_col-md-12&#8243;][vc_column_text]<\/p>\n<div class=\"wpb_text_column wpb_content_element \">\n<div class=\"wpb_wrapper\">\n<h2 style=\"text-align: center;\"><span lang=\"sv-SE\">F\u00f6rfr\u00e5gningar<\/span><\/h2>\n<p style=\"text-align: center;\"><span lang=\"sv-SE\">Vill du veta mer ? Ring oss eller l\u00e4mna en kontaktf\u00f6rfr\u00e5gan via formul\u00e4ret. <\/span><\/p>\n<h3 style=\"text-align: center;\">Simo Kivim\u00e4ki<a href=\"tel:+358 50\u00a0326 2530\"> +358 50\u00a0387 2891<\/a><\/h3>\n<\/div>\n<\/div>\n<p>[\/vc_column_text][vc_column_text]<div role=\"form\" class=\"wpcf7\" id=\"wpcf7-f1956-o1\" lang=\"fi\" dir=\"ltr\">\n<div class=\"screen-reader-response\"><p role=\"status\" aria-live=\"polite\" aria-atomic=\"true\"><\/p> <ul><\/ul><\/div>\n<form action=\"\/w\/wp-json\/wp\/v2\/pages\/1302#wpcf7-f1956-o1\" method=\"post\" class=\"wpcf7-form init\" novalidate=\"novalidate\" data-status=\"init\">\n<div style=\"display: none;\">\n<input type=\"hidden\" name=\"_wpcf7\" value=\"1956\" \/>\n<input type=\"hidden\" name=\"_wpcf7_version\" value=\"5.6.3\" \/>\n<input type=\"hidden\" name=\"_wpcf7_locale\" value=\"fi\" \/>\n<input type=\"hidden\" name=\"_wpcf7_unit_tag\" value=\"wpcf7-f1956-o1\" \/>\n<input type=\"hidden\" name=\"_wpcf7_container_post\" value=\"0\" \/>\n<input type=\"hidden\" name=\"_wpcf7_posted_data_hash\" value=\"\" \/>\n<\/div>\n<div class=\"wholeform\">\n<p><label>V\u00e4lj adress<\/label><br \/>\n<span class=\"wpcf7-form-control-wrap\" data-name=\"radio-112\"><span class=\"wpcf7-form-control wpcf7-radio\"><span class=\"wpcf7-list-item first\"><input type=\"radio\" name=\"radio-112\" value=\"S\u00e4lj\" checked=\"checked\" \/><span class=\"wpcf7-list-item-label\">S\u00e4lj<\/span><\/span><span class=\"wpcf7-list-item last\"><input type=\"radio\" name=\"radio-112\" value=\"Simo Kivim\u00e4ki\" \/><span class=\"wpcf7-list-item-label\">Simo Kivim\u00e4ki<\/span><\/span><\/span><\/span><\/p>\n<div class=\"leftform\">\n<label> <span class=\"wpcf7-form-control-wrap\" data-name=\"your-name\"><input type=\"text\" name=\"your-name\" value=\"\" size=\"40\" class=\"wpcf7-form-control wpcf7-text wpcf7-validates-as-required\" aria-required=\"true\" aria-invalid=\"false\" placeholder=\"Namn\" \/><\/span> <\/label><\/p>\n<p><label> <span class=\"wpcf7-form-control-wrap\" data-name=\"your-company\"><input type=\"text\" name=\"your-company\" value=\"\" size=\"40\" class=\"wpcf7-form-control wpcf7-text wpcf7-validates-as-required\" aria-required=\"true\" aria-invalid=\"false\" placeholder=\"F\u00f6retag eller organisation\" \/><\/span> <\/label><\/p>\n<p><label> <span class=\"wpcf7-form-control-wrap\" data-name=\"your-email\"><input type=\"email\" name=\"your-email\" value=\"\" size=\"40\" class=\"wpcf7-form-control wpcf7-text wpcf7-email wpcf7-validates-as-required wpcf7-validates-as-email\" aria-required=\"true\" aria-invalid=\"false\" placeholder=\"E-post\" \/><\/span> <\/label><\/p>\n<p><label> <span class=\"wpcf7-form-control-wrap\" data-name=\"tel-935\"><input type=\"tel\" name=\"tel-935\" value=\"\" size=\"40\" class=\"wpcf7-form-control wpcf7-text wpcf7-tel wpcf7-validates-as-required wpcf7-validates-as-tel\" aria-required=\"true\" aria-invalid=\"false\" placeholder=\"Telefonnummer\" \/><\/span> <\/label><\/div>\n<div class=\"rightform\"><label> <span class=\"wpcf7-form-control-wrap\" data-name=\"your-message\"><textarea name=\"your-message\" cols=\"40\" rows=\"10\" class=\"wpcf7-form-control wpcf7-textarea\" aria-invalid=\"false\" placeholder=\"Meddelande\"><\/textarea><\/span> <\/label><\/div>\n<p><input type=\"submit\" value=\"Skicka\" class=\"wpcf7-form-control has-spinner wpcf7-submit\" \/><\/p>\n<\/div>\n<div class=\"wpcf7-response-output\" aria-hidden=\"true\"><\/div><\/form><\/div>[\/vc_column_text][\/vc_column][vc_column width=&#8221;1\/6&#8243; el_class=&#8221;responsiivisuusasetukset&#8221; offset=&#8221;vc_hidden-md vc_hidden-sm vc_hidden-xs&#8221;][\/vc_column][\/vc_row]<\/p>\n","protected":false},"excerpt":{"rendered":"<p>[vc_row equal_height=&#8221;yes&#8221; css=&#8221;.vc_custom_1524220356449{margin-top: -150px !important;padding-right: 15px !important;padding-bottom: 70px !important;padding-left: 15px !important;}&#8221;][vc_column][vc_row_inner equal_height=&#8221;yes&#8221; gap=&#8221;30&#8243;][vc_column_inner css=&#8221;.vc_custom_1524218957270{background-color: #4b4b4a !important;background-position: center !important;background-repeat: no-repeat !important;background-size: cover !important;}&#8221; offset=&#8221;vc_col-lg-3 vc_col-md-6&#8243;][\/vc_column_inner][vc_column_inner css=&#8221;.vc_custom_1524218967203{background-color: #4b4b4a !important;background-position: center !important;background-repeat: no-repeat !important;background-size: contain !important;}&#8221; offset=&#8221;vc_col-lg-3 vc_col-md-6&#8243;][\/vc_column_inner][vc_column_inner css=&#8221;.vc_custom_1524218991212{background-color: #4b4b4a !important;}&#8221; offset=&#8221;vc_col-lg-3 vc_col-md-6&#8243;][\/vc_column_inner][vc_column_inner css=&#8221;.vc_custom_1524219003982{background-color: #4b4b4a !important;}&#8221; offset=&#8221;vc_col-lg-3 vc_col-md-6&#8243;][\/vc_column_inner][\/vc_row_inner][vc_row_inner equal_height=&#8221;yes&#8221; gap=&#8221;30&#8243;][vc_column_inner css=&#8221;.vc_custom_1524219003982{background-color: #4b4b4a !important;}&#8221; offset=&#8221;vc_col-lg-3 vc_col-md-6&#8243;][\/vc_column_inner][\/vc_row_inner][\/vc_column][\/vc_row][vc_row css=&#8221;.vc_custom_1522231359682{padding-bottom: 50px !important;}&#8221;][vc_column&hellip;<\/p>\n","protected":false},"author":2,"featured_media":0,"parent":0,"menu_order":0,"comment_status":"closed","ping_status":"open","template":"","meta":{"_monsterinsights_skip_tracking":false,"_monsterinsights_sitenote_active":false,"_monsterinsights_sitenote_note":"","_monsterinsights_sitenote_category":0},"_links":{"self":[{"href":"https:\/\/www.trestima.com\/w\/wp-json\/wp\/v2\/pages\/1302"}],"collection":[{"href":"https:\/\/www.trestima.com\/w\/wp-json\/wp\/v2\/pages"}],"about":[{"href":"https:\/\/www.trestima.com\/w\/wp-json\/wp\/v2\/types\/page"}],"author":[{"embeddable":true,"href":"https:\/\/www.trestima.com\/w\/wp-json\/wp\/v2\/users\/2"}],"replies":[{"embeddable":true,"href":"https:\/\/www.trestima.com\/w\/wp-json\/wp\/v2\/comments?post=1302"}],"version-history":[{"count":15,"href":"https:\/\/www.trestima.com\/w\/wp-json\/wp\/v2\/pages\/1302\/revisions"}],"predecessor-version":[{"id":6857,"href":"https:\/\/www.trestima.com\/w\/wp-json\/wp\/v2\/pages\/1302\/revisions\/6857"}],"wp:attachment":[{"href":"https:\/\/www.trestima.com\/w\/wp-json\/wp\/v2\/media?parent=1302"}],"curies":[{"name":"wp","href":"https:\/\/api.w.org\/{rel}","templated":true}]}}