{"id":1298,"date":"2018-04-27T10:09:52","date_gmt":"2018-04-27T08:09:52","guid":{"rendered":"https:\/\/www.trestima.com\/w\/\/?page_id=1298"},"modified":"2018-06-12T12:14:44","modified_gmt":"2018-06-12T10:14:44","slug":"stack-stapelsmatningssystem","status":"publish","type":"page","link":"https:\/\/www.trestima.com\/w\/sv\/stack-stapelsmatningssystem\/","title":{"rendered":"Stack stapelm\u00e4tningssystem"},"content":{"rendered":"<p>[vc_row css=&#8221;.vc_custom_1524476263962{margin-bottom: 50px !important;padding-right: 15px !important;padding-left: 15px !important;}&#8221;][vc_column css=&#8221;.vc_custom_1524224841441{padding-right: 15px !important;padding-left: 15px !important;}&#8221;]<div id=\"ultimate-heading-6069e90f0c1aab0\" class=\"uvc-heading ult-adjust-bottom-margin ultimate-heading-6069e90f0c1aab0 uvc-9638  uvc-heading-default-font-sizes\" data-hspacer=\"no_spacer\"  data-halign=\"center\" style=\"text-align:center\"><div class=\"uvc-heading-spacer no_spacer\" style=\"top\"><\/div><div class=\"uvc-main-heading ult-responsive\"  data-ultimate-target='.uvc-heading.ultimate-heading-6069e90f0c1aab0 h2'  data-responsive-json-new='{\"font-size\":\"\",\"line-height\":\"\"}' ><h2 style=\"--font-weight:theme;margin-bottom:20px;\">TRESTIMA Stack -verktyget \u00e4r l\u00e4tt att anv\u00e4nda <\/h2><\/div><\/div>[vc_column_text css=&#8221;.vc_custom_1528787599643{padding-bottom: 30px !important;}&#8221;]<\/p>\n<h3 style=\"text-align: center;\">\u2013 <span lang=\"sv-SE\">f\u00f6lj dessa fyra steg<\/span><\/h3>\n<p>[\/vc_column_text][vc_row_inner gap=&#8221;30&#8243;][vc_column_inner width=&#8221;1\/4&#8243; css=&#8221;.vc_custom_1524476719962{margin-bottom: 30px !important;}&#8221;]<div class=\"aio-icon-component    style_1\"><div id=\"Info-box-wrap-3771\" class=\"aio-icon-box left-icon\" style=\"\"  ><div class=\"aio-ibd-block\"><div class=\"aio-icon-header\" ><h3 class=\"aio-icon-title ult-responsive\"  data-ultimate-target='#Info-box-wrap-3771 .aio-icon-title'  data-responsive-json-new='{\"font-size\":\"\",\"line-height\":\"\"}'  style=\"\">1<\/h3><\/div> <!-- header --><div class=\"aio-icon-description ult-responsive\"  data-ultimate-target='#Info-box-wrap-3771 .aio-icon-description'  data-responsive-json-new='{\"font-size\":\"\",\"line-height\":\"\"}'  style=\"\">Ta en bild av stapeln. TRESTIMA-m\u00e4tstickan ska synas i bild.<\/div> <!-- description --><\/div> <!-- aio-ibd-block --><\/div> <!-- aio-icon-box --><\/div> <!-- aio-icon-component -->[\/vc_column_inner][vc_column_inner width=&#8221;1\/4&#8243; css=&#8221;.vc_custom_1524476726825{margin-bottom: 30px !important;}&#8221;]<div class=\"aio-icon-component    style_1\"><div id=\"Info-box-wrap-1633\" class=\"aio-icon-box left-icon\" style=\"\"  ><div class=\"aio-ibd-block\"><div class=\"aio-icon-header\" ><h3 class=\"aio-icon-title ult-responsive\"  data-ultimate-target='#Info-box-wrap-1633 .aio-icon-title'  data-responsive-json-new='{\"font-size\":\"\",\"line-height\":\"\"}'  style=\"\">2<\/h3><\/div> <!-- header --><div class=\"aio-icon-description ult-responsive\"  data-ultimate-target='#Info-box-wrap-1633 .aio-icon-description'  data-responsive-json-new='{\"font-size\":\"\",\"line-height\":\"\"}'  style=\"\">Mata in stapelns grova ytterm\u00e5tt i appen. Med hj\u00e4lp av detta ber\u00e4ttar du f\u00f6r programmet var den ska b\u00f6rja k\u00e4nna av de m\u00e4tbara stock\u00e4ndarna.<\/div> <!-- description --><\/div> <!-- aio-ibd-block --><\/div> <!-- aio-icon-box --><\/div> <!-- aio-icon-component -->[\/vc_column_inner][vc_column_inner width=&#8221;1\/4&#8243; css=&#8221;.vc_custom_1524476734081{margin-bottom: 30px !important;}&#8221;]<div class=\"aio-icon-component    style_1\"><div id=\"Info-box-wrap-4875\" class=\"aio-icon-box left-icon\" style=\"\"  ><div class=\"aio-ibd-block\"><div class=\"aio-icon-header\" ><h3 class=\"aio-icon-title ult-responsive\"  data-ultimate-target='#Info-box-wrap-4875 .aio-icon-title'  data-responsive-json-new='{\"font-size\":\"\",\"line-height\":\"\"}'  style=\"\">3<\/h3><\/div> <!-- header --><div class=\"aio-icon-description ult-responsive\"  data-ultimate-target='#Info-box-wrap-4875 .aio-icon-description'  data-responsive-json-new='{\"font-size\":\"\",\"line-height\":\"\"}'  style=\"\">Rikta m\u00e4tstickans \u00f6vre- och undre \u00e4nde (om du anv\u00e4nder en egen 1 metersticka).<\/div> <!-- description --><\/div> <!-- aio-ibd-block --><\/div> <!-- aio-icon-box --><\/div> <!-- aio-icon-component -->[\/vc_column_inner][vc_column_inner width=&#8221;1\/4&#8243; css=&#8221;.vc_custom_1524476740786{margin-bottom: 30px !important;}&#8221;]<div class=\"aio-icon-component    style_1\"><div id=\"Info-box-wrap-1139\" class=\"aio-icon-box left-icon\" style=\"\"  ><div class=\"aio-ibd-block\"><div class=\"aio-icon-header\" ><h3 class=\"aio-icon-title ult-responsive\"  data-ultimate-target='#Info-box-wrap-1139 .aio-icon-title'  data-responsive-json-new='{\"font-size\":\"\",\"line-height\":\"\"}'  style=\"\">4<\/h3><\/div> <!-- header --><div class=\"aio-icon-description ult-responsive\"  data-ultimate-target='#Info-box-wrap-1139 .aio-icon-description'  data-responsive-json-new='{\"font-size\":\"\",\"line-height\":\"\"}'  style=\"\">Mata in medell\u00e4ngden av stockarna.<\/div> <!-- description --><\/div> <!-- aio-ibd-block --><\/div> <!-- aio-icon-box --><\/div> <!-- aio-icon-component -->[\/vc_column_inner][\/vc_row_inner][\/vc_column][\/vc_row][vc_row full_width=&#8221;stretch_row&#8221; css=&#8221;.vc_custom_1524738341011{padding-top: 50px !important;padding-bottom: 50px !important;background-image: url(https:\/\/www.trestima.com\/w\/\/wp-content\/uploads\/2018\/04\/trestima-oy-metsanmittausjarjestelma-metsasuunnittelijalle-viranomaisille.png?id=1025) !important;background-position: center !important;background-repeat: no-repeat !important;background-size: cover !important;}&#8221;][vc_column css=&#8221;.vc_custom_1524216748026{padding-right: 15px !important;padding-left: 15px !important;}&#8221;]<div id=\"ultimate-heading-987969e90f0c1afbb\" class=\"uvc-heading ult-adjust-bottom-margin ultimate-heading-987969e90f0c1afbb uvc-6295  uvc-heading-default-font-sizes\" data-hspacer=\"no_spacer\"  data-halign=\"center\" style=\"text-align:center\"><div class=\"uvc-heading-spacer no_spacer\" style=\"top\"><\/div><div class=\"uvc-main-heading ult-responsive\"  data-ultimate-target='.uvc-heading.ultimate-heading-987969e90f0c1afbb h2'  data-responsive-json-new='{\"font-size\":\"\",\"line-height\":\"\"}' ><h2 style=\"--font-weight:theme;color:#000000;margin-bottom:30px;\">TRESTIMA\u2122 Stack \u00e4r anpassad f\u00f6r att m\u00e4ta staplar:<\/h2><\/div><\/div>[vc_row_inner equal_height=&#8221;yes&#8221; gap=&#8221;30&#8243; css=&#8221;.vc_custom_1524476635179{padding-right: 15px !important;padding-bottom: px !important;padding-left: 15px !important;}&#8221;][vc_column_inner el_class=&#8221;taustakoko&#8221; width=&#8221;1\/4&#8243; css=&#8221;.vc_custom_1524737794472{padding-bottom: 20px !important;background-image: url(https:\/\/www.trestima.com\/w\/\/wp-content\/uploads\/2018\/04\/trestima-oy-pinomittausjarjestelma-1.png?id=1019) !important;background-position: center !important;background-repeat: no-repeat !important;background-size: contain !important;}&#8221;][vc_column_text el_class=&#8221;tekstialemmas&#8221;]<\/p>\n<h3 style=\"text-align: center;\"><span lang=\"sv-SE\">I terr\u00e4ng och vid v\u00e4gren<\/span><\/h3>\n<p>[\/vc_column_text][\/vc_column_inner][vc_column_inner el_class=&#8221;taustakoko&#8221; width=&#8221;1\/4&#8243; css=&#8221;.vc_custom_1524737804136{padding-bottom: 20px !important;background-image: url(https:\/\/www.trestima.com\/w\/\/wp-content\/uploads\/2018\/04\/trestima-oy-pinomittausjarjestelma-1.png?id=1019) !important;background-position: center !important;background-repeat: no-repeat !important;background-size: contain !important;}&#8221;][vc_column_text el_class=&#8221;tekstialemmas&#8221;]<\/p>\n<h3 style=\"text-align: center;\"><span lang=\"sv-SE\">P\u00e5 timmertransporter<\/span><\/h3>\n<p>[\/vc_column_text][\/vc_column_inner][vc_column_inner el_class=&#8221;taustakoko&#8221; width=&#8221;1\/4&#8243; css=&#8221;.vc_custom_1524737814835{padding-bottom: 20px !important;background-image: url(https:\/\/www.trestima.com\/w\/\/wp-content\/uploads\/2018\/04\/trestima-oy-pinomittausjarjestelma-1.png?id=1019) !important;background-position: center !important;background-repeat: no-repeat !important;background-size: contain !important;}&#8221;][vc_column_text el_class=&#8221;tekstialemmas&#8221;]<\/p>\n<h3 style=\"text-align: center;\"><span lang=\"sv-SE\">I terminaler och tillf\u00e4lliga f\u00f6rr\u00e5d <\/span><\/h3>\n<p>[\/vc_column_text][\/vc_column_inner][vc_column_inner el_class=&#8221;taustakoko&#8221; width=&#8221;1\/4&#8243; css=&#8221;.vc_custom_1524737826501{background-image: url(https:\/\/www.trestima.com\/w\/\/wp-content\/uploads\/2018\/04\/trestima-oy-pinomittausjarjestelma-1.png?id=1019) !important;background-position: center !important;background-repeat: no-repeat !important;background-size: contain !important;}&#8221;][vc_column_text el_class=&#8221;tekstialemmas&#8221;]<\/p>\n<h3 style=\"text-align: center;\"><span lang=\"sv-SE\">I produktionsanl\u00e4ggningar<\/span><\/h3>\n<p>[\/vc_column_text][\/vc_column_inner][\/vc_row_inner][\/vc_column][\/vc_row][vc_row css=&#8221;.vc_custom_1524118167366{padding-top: 50px !important;padding-bottom: 50px !important;}&#8221;][vc_column css=&#8221;.vc_custom_1524473909725{padding-right: 15px !important;padding-left: 15px !important;}&#8221;]<div id=\"ultimate-heading-421169e90f0c1aff3\" class=\"uvc-heading ult-adjust-bottom-margin ultimate-heading-421169e90f0c1aff3 uvc-4066  uvc-heading-default-font-sizes\" data-hspacer=\"no_spacer\"  data-halign=\"center\" style=\"text-align:center\"><div class=\"uvc-heading-spacer no_spacer\" style=\"top\"><\/div><div class=\"uvc-main-heading ult-responsive\"  data-ultimate-target='.uvc-heading.ultimate-heading-421169e90f0c1aff3 h2'  data-responsive-json-new='{\"font-size\":\"\",\"line-height\":\"\"}' ><h2 style=\"--font-weight:theme;margin-bottom:30px;\">TRESTIMA Stack -f\u00f6rdelar<\/h2><\/div><\/div>[vc_row_inner][vc_column_inner width=&#8221;1\/2&#8243; css=&#8221;.vc_custom_1524473915605{padding-right: 15px !important;padding-left: 15px !important;}&#8221;][vc_column_text]<\/p>\n<ul>\n<li><span lang=\"sv-SE\">M\u00e4ter snabbt och effektivt alla staplars volym samt diameterf\u00f6rdelning <\/span><\/li>\n<li><span lang=\"sv-SE\">M\u00e4tningshastighet upp till 100 m3\/min per m\u00e4tning<\/span><\/li>\n<li><span lang=\"sv-SE\">\u00c4ven breda staplad kan m\u00e4tas effektivt med flera bilder<\/span><\/li>\n<li><span lang=\"sv-SE\">Alla stock\u00e4ndar beh\u00f6ver ej synas f\u00f6r att uppn\u00e5 ett exakt resultat <\/span><\/li>\n<li><span lang=\"sv-SE\">Individuella resultat:<\/span>\n<ul>\n<li><span lang=\"sv-SE\">Stapelns helhetsvolym<\/span><\/li>\n<li><span lang=\"sv-SE\">Stamantalserie<\/span><\/li>\n<li><span lang=\"sv-SE\">Antal stockar<\/span><\/li>\n<li><span lang=\"sv-SE\">Volym-multiplikator<\/span><\/li>\n<li><span lang=\"sv-SE\">Stapel dimensioner<\/span><\/li>\n<li><span lang=\"sv-SE\">Placering av stapeln p\u00e5 karta<\/span><\/li>\n<\/ul>\n<\/li>\n<\/ul>\n<p>[\/vc_column_text][\/vc_column_inner][vc_column_inner width=&#8221;1\/2&#8243;][vc_single_image image=&#8221;1036&#8243; img_size=&#8221;full&#8221; css=&#8221;.vc_custom_1524739601062{padding-right: 15px !important;padding-left: 15px !important;}&#8221;][\/vc_column_inner][\/vc_row_inner][vc_column_text]<span lang=\"sv-SE\">Staplar, som ej f\u00e5r plats p\u00e5 en bild, kan fotograferas med flera bilder. Systemet beh\u00f6ver ej urskilja samtliga stock\u00e4ndar, d\u00e5 resultatet ber\u00e4knas med hj\u00e4lp av ramarealen, stockarnas l\u00e4ngd samt den automatiserade t\u00e4thetsmultiplikatorn. <\/span>[\/vc_column_text][\/vc_column][\/vc_row][vc_row full_width=&#8221;stretch_row&#8221; css=&#8221;.vc_custom_1524738365106{margin-bottom: -70px !important;padding-top: 50px !important;background-image: url(https:\/\/www.trestima.com\/w\/\/wp-content\/uploads\/2018\/04\/trestima-oy-metsanmittausjarjestelma-metsasuunnittelijalle-viranomaisille.png?id=1025) !important;}&#8221;][vc_column width=&#8221;1\/6&#8243; offset=&#8221;vc_hidden-md vc_hidden-sm vc_hidden-xs&#8221;][\/vc_column][vc_column css=&#8221;.vc_custom_1524476024368{padding-right: 15px !important;padding-left: 15px !important;}&#8221; offset=&#8221;vc_col-lg-8 vc_col-md-12&#8243;][vc_column_text]<\/p>\n<h2 style=\"text-align: center;\"><span lang=\"sv-SE\">F\u00f6rfr\u00e5gningar<\/span><\/h2>\n<p style=\"text-align: center;\"><span lang=\"sv-SE\">Vill du veta mer ? Ring oss eller l\u00e4mna en kontaktf\u00f6rfr\u00e5gan via formul\u00e4ret. <\/span><\/p>\n<h3 style=\"text-align: center;\">Simo Kivim\u00e4ki<a href=\"tel:+358 50\u00a0326 2530\"> +358 50\u00a0387 2891<\/a><\/h3>\n<p>[\/vc_column_text][vc_column_text]<div role=\"form\" class=\"wpcf7\" id=\"wpcf7-f1956-o1\" lang=\"fi\" dir=\"ltr\">\n<div class=\"screen-reader-response\"><p role=\"status\" aria-live=\"polite\" aria-atomic=\"true\"><\/p> <ul><\/ul><\/div>\n<form action=\"\/w\/wp-json\/wp\/v2\/pages\/1298#wpcf7-f1956-o1\" method=\"post\" class=\"wpcf7-form init\" novalidate=\"novalidate\" data-status=\"init\">\n<div style=\"display: none;\">\n<input type=\"hidden\" name=\"_wpcf7\" value=\"1956\" \/>\n<input type=\"hidden\" name=\"_wpcf7_version\" value=\"5.6.3\" \/>\n<input type=\"hidden\" name=\"_wpcf7_locale\" value=\"fi\" \/>\n<input type=\"hidden\" name=\"_wpcf7_unit_tag\" value=\"wpcf7-f1956-o1\" \/>\n<input type=\"hidden\" name=\"_wpcf7_container_post\" value=\"0\" \/>\n<input type=\"hidden\" name=\"_wpcf7_posted_data_hash\" value=\"\" \/>\n<\/div>\n<div class=\"wholeform\">\n<p><label>V\u00e4lj adress<\/label><br \/>\n<span class=\"wpcf7-form-control-wrap\" data-name=\"radio-112\"><span class=\"wpcf7-form-control wpcf7-radio\"><span class=\"wpcf7-list-item first\"><input type=\"radio\" name=\"radio-112\" value=\"S\u00e4lj\" checked=\"checked\" \/><span class=\"wpcf7-list-item-label\">S\u00e4lj<\/span><\/span><span class=\"wpcf7-list-item last\"><input type=\"radio\" name=\"radio-112\" value=\"Simo Kivim\u00e4ki\" \/><span class=\"wpcf7-list-item-label\">Simo Kivim\u00e4ki<\/span><\/span><\/span><\/span><\/p>\n<div class=\"leftform\">\n<label> <span class=\"wpcf7-form-control-wrap\" data-name=\"your-name\"><input type=\"text\" name=\"your-name\" value=\"\" size=\"40\" class=\"wpcf7-form-control wpcf7-text wpcf7-validates-as-required\" aria-required=\"true\" aria-invalid=\"false\" placeholder=\"Namn\" \/><\/span> <\/label><\/p>\n<p><label> <span class=\"wpcf7-form-control-wrap\" data-name=\"your-company\"><input type=\"text\" name=\"your-company\" value=\"\" size=\"40\" class=\"wpcf7-form-control wpcf7-text wpcf7-validates-as-required\" aria-required=\"true\" aria-invalid=\"false\" placeholder=\"F\u00f6retag eller organisation\" \/><\/span> <\/label><\/p>\n<p><label> <span class=\"wpcf7-form-control-wrap\" data-name=\"your-email\"><input type=\"email\" name=\"your-email\" value=\"\" size=\"40\" class=\"wpcf7-form-control wpcf7-text wpcf7-email wpcf7-validates-as-required wpcf7-validates-as-email\" aria-required=\"true\" aria-invalid=\"false\" placeholder=\"E-post\" \/><\/span> <\/label><\/p>\n<p><label> <span class=\"wpcf7-form-control-wrap\" data-name=\"tel-935\"><input type=\"tel\" name=\"tel-935\" value=\"\" size=\"40\" class=\"wpcf7-form-control wpcf7-text wpcf7-tel wpcf7-validates-as-required wpcf7-validates-as-tel\" aria-required=\"true\" aria-invalid=\"false\" placeholder=\"Telefonnummer\" \/><\/span> <\/label><\/div>\n<div class=\"rightform\"><label> <span class=\"wpcf7-form-control-wrap\" data-name=\"your-message\"><textarea name=\"your-message\" cols=\"40\" rows=\"10\" class=\"wpcf7-form-control wpcf7-textarea\" aria-invalid=\"false\" placeholder=\"Meddelande\"><\/textarea><\/span> <\/label><\/div>\n<p><input type=\"submit\" value=\"Skicka\" class=\"wpcf7-form-control has-spinner wpcf7-submit\" \/><\/p>\n<\/div>\n<div class=\"wpcf7-response-output\" aria-hidden=\"true\"><\/div><\/form><\/div>[\/vc_column_text][\/vc_column][vc_column width=&#8221;1\/6&#8243; el_class=&#8221;.responsiivisuusasetukset &#8221; offset=&#8221;vc_hidden-md vc_hidden-sm vc_hidden-xs&#8221;][\/vc_column][\/vc_row]<\/p>\n","protected":false},"excerpt":{"rendered":"<p>[vc_row css=&#8221;.vc_custom_1524476263962{margin-bottom: 50px !important;padding-right: 15px !important;padding-left: 15px !important;}&#8221;][vc_column css=&#8221;.vc_custom_1524224841441{padding-right: 15px !important;padding-left: 15px !important;}&#8221;][vc_column_text css=&#8221;.vc_custom_1528787599643{padding-bottom: 30px !important;}&#8221;] \u2013 f\u00f6lj dessa fyra steg [\/vc_column_text][vc_row_inner gap=&#8221;30&#8243;][vc_column_inner width=&#8221;1\/4&#8243; css=&#8221;.vc_custom_1524476719962{margin-bottom: 30px !important;}&#8221;][\/vc_column_inner][vc_column_inner width=&#8221;1\/4&#8243; css=&#8221;.vc_custom_1524476726825{margin-bottom: 30px !important;}&#8221;][\/vc_column_inner][vc_column_inner width=&#8221;1\/4&#8243; css=&#8221;.vc_custom_1524476734081{margin-bottom: 30px !important;}&#8221;][\/vc_column_inner][vc_column_inner width=&#8221;1\/4&#8243; css=&#8221;.vc_custom_1524476740786{margin-bottom: 30px !important;}&#8221;][\/vc_column_inner][\/vc_row_inner][\/vc_column][\/vc_row][vc_row full_width=&#8221;stretch_row&#8221; css=&#8221;.vc_custom_1524738341011{padding-top: 50px !important;padding-bottom: 50px !important;background-image: url(https:\/\/www.trestima.com\/w\/\/wp-content\/uploads\/2018\/04\/trestima-oy-metsanmittausjarjestelma-metsasuunnittelijalle-viranomaisille.png?id=1025) !important;background-position: center !important;background-repeat: no-repeat !important;background-size: cover !important;}&#8221;][vc_column css=&#8221;.vc_custom_1524216748026{padding-right: 15px&hellip;<\/p>\n","protected":false},"author":2,"featured_media":0,"parent":0,"menu_order":0,"comment_status":"closed","ping_status":"open","template":"","meta":{"_monsterinsights_skip_tracking":false,"_monsterinsights_sitenote_active":false,"_monsterinsights_sitenote_note":"","_monsterinsights_sitenote_category":0},"_links":{"self":[{"href":"https:\/\/www.trestima.com\/w\/wp-json\/wp\/v2\/pages\/1298"}],"collection":[{"href":"https:\/\/www.trestima.com\/w\/wp-json\/wp\/v2\/pages"}],"about":[{"href":"https:\/\/www.trestima.com\/w\/wp-json\/wp\/v2\/types\/page"}],"author":[{"embeddable":true,"href":"https:\/\/www.trestima.com\/w\/wp-json\/wp\/v2\/users\/2"}],"replies":[{"embeddable":true,"href":"https:\/\/www.trestima.com\/w\/wp-json\/wp\/v2\/comments?post=1298"}],"version-history":[{"count":10,"href":"https:\/\/www.trestima.com\/w\/wp-json\/wp\/v2\/pages\/1298\/revisions"}],"predecessor-version":[{"id":1968,"href":"https:\/\/www.trestima.com\/w\/wp-json\/wp\/v2\/pages\/1298\/revisions\/1968"}],"wp:attachment":[{"href":"https:\/\/www.trestima.com\/w\/wp-json\/wp\/v2\/media?parent=1298"}],"curies":[{"name":"wp","href":"https:\/\/api.w.org\/{rel}","templated":true}]}}