{"id":1294,"date":"2018-04-27T10:08:34","date_gmt":"2018-04-27T08:08:34","guid":{"rendered":"https:\/\/www.trestima.com\/w\/\/?page_id=1294"},"modified":"2018-05-17T09:57:34","modified_gmt":"2018-05-17T07:57:34","slug":"rekrytering","status":"publish","type":"page","link":"https:\/\/www.trestima.com\/w\/sv\/rekrytering\/","title":{"rendered":"Rekrytering"},"content":{"rendered":"<p>[vc_row][vc_column][vc_column_text]<\/p>\n<h2 style=\"text-align: center;\">J\u00e4t\u00e4 avoin hakemus<\/h2>\n<p>[\/vc_column_text][vc_column_text]<\/p>\n<p style=\"text-align: center;\">Trestima on nopeasti kasvava IT-yritys. Etsimme jatkuvasti uusia kykyj\u00e4 vahvistamaan tiimi\u00e4mme.<\/p>\n<p style=\"text-align: center;\">Oletpa sitten softakehityksen mestari, myynnin ja markkinoinnin spesialisti, tai vain etsim\u00e4ss\u00e4 uutta uraa mets\u00e4-IT-sektorilta, meill\u00e4 saattaa olla sinulle t\u00f6it\u00e4.<\/p>\n<p>[\/vc_column_text][\/vc_column][\/vc_row][vc_row][vc_column][vc_column_text]<div role=\"form\" class=\"wpcf7\" id=\"wpcf7-f302-o1\" lang=\"fi\" dir=\"ltr\">\n<div class=\"screen-reader-response\"><p role=\"status\" aria-live=\"polite\" aria-atomic=\"true\"><\/p> <ul><\/ul><\/div>\n<form action=\"\/w\/wp-json\/wp\/v2\/pages\/1294#wpcf7-f302-o1\" method=\"post\" class=\"wpcf7-form init\" enctype=\"multipart\/form-data\" novalidate=\"novalidate\" data-status=\"init\">\n<div style=\"display: none;\">\n<input type=\"hidden\" name=\"_wpcf7\" value=\"302\" \/>\n<input type=\"hidden\" name=\"_wpcf7_version\" value=\"5.6.3\" \/>\n<input type=\"hidden\" name=\"_wpcf7_locale\" value=\"fi\" \/>\n<input type=\"hidden\" name=\"_wpcf7_unit_tag\" value=\"wpcf7-f302-o1\" \/>\n<input type=\"hidden\" name=\"_wpcf7_container_post\" value=\"0\" \/>\n<input type=\"hidden\" name=\"_wpcf7_posted_data_hash\" value=\"\" \/>\n<\/div>\n<p><label> Nimi<br \/>\n    <span class=\"wpcf7-form-control-wrap\" data-name=\"your-name\"><input type=\"text\" name=\"your-name\" value=\"\" size=\"40\" class=\"wpcf7-form-control wpcf7-text wpcf7-validates-as-required\" aria-required=\"true\" aria-invalid=\"false\" \/><\/span> <\/label><\/p>\n<p><label> Puhelinnumero<br \/>\n    <span class=\"wpcf7-form-control-wrap\" data-name=\"tel-647\"><input type=\"tel\" name=\"tel-647\" value=\"\" size=\"40\" class=\"wpcf7-form-control wpcf7-text wpcf7-tel wpcf7-validates-as-required wpcf7-validates-as-tel\" aria-required=\"true\" aria-invalid=\"false\" \/><\/span> <\/label><\/p>\n<p><label> S\u00e4hk\u00f6posti<br \/>\n    <span class=\"wpcf7-form-control-wrap\" data-name=\"your-email\"><input type=\"email\" name=\"your-email\" value=\"\" size=\"40\" class=\"wpcf7-form-control wpcf7-text wpcf7-email wpcf7-validates-as-required wpcf7-validates-as-email\" aria-required=\"true\" aria-invalid=\"false\" \/><\/span> <\/label><\/p>\n<p><label> Ty\u00f6hakemus<br \/>\n    <span class=\"wpcf7-form-control-wrap\" data-name=\"textarea-229\"><textarea name=\"textarea-229\" cols=\"40\" rows=\"10\" class=\"wpcf7-form-control wpcf7-textarea wpcf7-validates-as-required\" aria-required=\"true\" aria-invalid=\"false\"><\/textarea><\/span> <\/label><\/p>\n<p><label> Koulutus<br \/>\n    <span class=\"wpcf7-form-control-wrap\" data-name=\"textarea-659\"><textarea name=\"textarea-659\" cols=\"40\" rows=\"10\" class=\"wpcf7-form-control wpcf7-textarea wpcf7-validates-as-required\" aria-required=\"true\" aria-invalid=\"false\"><\/textarea><\/span> <\/label><\/p>\n<p><label> Lataa CV (pdf tai doc)<br \/>\n    <span class=\"wpcf7-form-control-wrap\" data-name=\"file-293\"><input type=\"file\" name=\"file-293\" size=\"40\" class=\"wpcf7-form-control wpcf7-file wpcf7-validates-as-required\" accept=\".doc,.docx,.pdf\" aria-required=\"true\" aria-invalid=\"false\" \/><\/span> <\/label><\/p>\n<p><label> Muuta<br \/>\n    <span class=\"wpcf7-form-control-wrap\" data-name=\"your-message\"><textarea name=\"your-message\" cols=\"40\" rows=\"10\" class=\"wpcf7-form-control wpcf7-textarea\" aria-invalid=\"false\"><\/textarea><\/span> <\/label><\/p>\n<p><input type=\"submit\" value=\"L\u00e4het\u00e4\" class=\"wpcf7-form-control has-spinner wpcf7-submit\" \/><\/p>\n<div class=\"wpcf7-response-output\" aria-hidden=\"true\"><\/div><\/form><\/div>[\/vc_column_text][\/vc_column][\/vc_row]<\/p>\n","protected":false},"excerpt":{"rendered":"<p>[vc_row][vc_column][vc_column_text] J\u00e4t\u00e4 avoin hakemus [\/vc_column_text][vc_column_text] Trestima on nopeasti kasvava IT-yritys. Etsimme jatkuvasti uusia kykyj\u00e4 vahvistamaan tiimi\u00e4mme. Oletpa sitten softakehityksen mestari, myynnin ja markkinoinnin spesialisti, tai vain etsim\u00e4ss\u00e4 uutta uraa mets\u00e4-IT-sektorilta, meill\u00e4 saattaa olla sinulle t\u00f6it\u00e4. [\/vc_column_text][\/vc_column][\/vc_row][vc_row][vc_column][vc_column_text][\/vc_column_text][\/vc_column][\/vc_row]<\/p>\n","protected":false},"author":2,"featured_media":0,"parent":0,"menu_order":0,"comment_status":"closed","ping_status":"closed","template":"","meta":{"_monsterinsights_skip_tracking":false,"_monsterinsights_sitenote_active":false,"_monsterinsights_sitenote_note":"","_monsterinsights_sitenote_category":0},"_links":{"self":[{"href":"https:\/\/www.trestima.com\/w\/wp-json\/wp\/v2\/pages\/1294"}],"collection":[{"href":"https:\/\/www.trestima.com\/w\/wp-json\/wp\/v2\/pages"}],"about":[{"href":"https:\/\/www.trestima.com\/w\/wp-json\/wp\/v2\/types\/page"}],"author":[{"embeddable":true,"href":"https:\/\/www.trestima.com\/w\/wp-json\/wp\/v2\/users\/2"}],"replies":[{"embeddable":true,"href":"https:\/\/www.trestima.com\/w\/wp-json\/wp\/v2\/comments?post=1294"}],"version-history":[{"count":3,"href":"https:\/\/www.trestima.com\/w\/wp-json\/wp\/v2\/pages\/1294\/revisions"}],"predecessor-version":[{"id":1826,"href":"https:\/\/www.trestima.com\/w\/wp-json\/wp\/v2\/pages\/1294\/revisions\/1826"}],"wp:attachment":[{"href":"https:\/\/www.trestima.com\/w\/wp-json\/wp\/v2\/media?parent=1294"}],"curies":[{"name":"wp","href":"https:\/\/api.w.org\/{rel}","templated":true}]}}