{"id":1282,"date":"2018-04-27T10:03:10","date_gmt":"2018-04-27T08:03:10","guid":{"rendered":"https:\/\/www.trestima.com\/w\/\/?page_id=1282"},"modified":"2020-02-12T15:35:13","modified_gmt":"2020-02-12T13:35:13","slug":"utbildning-och-material","status":"publish","type":"page","link":"https:\/\/www.trestima.com\/w\/sv\/utbildning-och-material\/","title":{"rendered":"Utbildning och material"},"content":{"rendered":"<p>[vc_row equal_height=&#8221;yes&#8221; css=&#8221;.vc_custom_1524220356449{margin-top: -150px !important;padding-right: 15px !important;padding-bottom: 70px !important;padding-left: 15px !important;}&#8221;][vc_column][vc_row_inner equal_height=&#8221;yes&#8221; gap=&#8221;30&#8243;][vc_column_inner css=&#8221;.vc_custom_1524218957270{background-color: #4b4b4a !important;background-position: center !important;background-repeat: no-repeat !important;background-size: cover !important;}&#8221; offset=&#8221;vc_col-lg-3 vc_col-md-6&#8243;]<div class=\"ult-content-box-container \" >\t<a class=\"ult-content-box-anchor\" href=\"\/w\/wp-content\/uploads\/2018\/06\/TRESTIMA_datasheet_en.pdf\" target=\"_blank\" rel=\"noopener\" >\t\t<div class=\"ult-content-box\" style=\"background-color:#4b4b4a;box-shadow: px px px px none;padding-top:40px;padding-right:15px;padding-bottom:20px;padding-left:15px;-webkit-transition: all 700ms ease;-moz-transition: all 700ms ease;-ms-transition: all 700ms ease;-o-transition: all 700ms ease;transition: all 700ms ease;\"  data-hover_bg_color=\"rgba(194,210,106,0.29)\"  data-hover_box_shadow=\"none\"     data-bg=\"#4b4b4a\" >[vc_column_text el_class=&#8221;boxientekstit&#8221; css=&#8221;.vc_custom_1528792196099{padding-right: 10px !important;padding-left: 10px !important;}&#8221;]<\/p>\n<h3 style=\"text-align: center;\">TRESTIMA\u00ae skogsm\u00e4tningssystem<\/h3>\n<p style=\"text-align: center; color: #c2d26a;\">Ladda ner broschyr<\/p>\n<p>[\/vc_column_text]\t\t<\/div>\t<\/a><\/div>[\/vc_column_inner][vc_column_inner css=&#8221;.vc_custom_1524218967203{background-color: #4b4b4a !important;background-position: center !important;background-repeat: no-repeat !important;background-size: contain !important;}&#8221; offset=&#8221;vc_col-lg-3 vc_col-md-6&#8243;]<div class=\"ult-content-box-container \" >\t<a class=\"ult-content-box-anchor\" href=\"\/w\/wp-content\/uploads\/2018\/06\/TRESTIMA_Stack_datasheet_en.pdf\" target=\"_blank\" rel=\"noopener\" >\t\t<div class=\"ult-content-box\" style=\"box-shadow: px px px px none;padding-top:40px;padding-right:15px;padding-bottom:20px;padding-left:15px;-webkit-transition: all 700ms ease;-moz-transition: all 700ms ease;-ms-transition: all 700ms ease;-o-transition: all 700ms ease;transition: all 700ms ease;\"  data-hover_bg_color=\"rgba(194,210,106,0.29)\"  data-hover_box_shadow=\"none\"    >[vc_column_text el_class=&#8221;boxientekstit&#8221; css=&#8221;.vc_custom_1528792203038{padding-right: 10px !important;padding-left: 10px !important;}&#8221;]<\/p>\n<h3 style=\"text-align: center;\">TRESTIMA\u00ae Stack stapelm\u00e4tningssystem<\/h3>\n<p style=\"text-align: center; color: #c2d26a;\">Ladda ner broschyr<\/p>\n<p>[\/vc_column_text]\t\t<\/div>\t<\/a><\/div>[\/vc_column_inner][vc_column_inner css=&#8221;.vc_custom_1524218991212{background-color: #4b4b4a !important;}&#8221; offset=&#8221;vc_col-lg-3 vc_col-md-6&#8243;]<div class=\"ult-content-box-container \" >\t<a class=\"ult-content-box-anchor\" href=\"\/w\/wp-content\/uploads\/2020\/02\/TRESTIMA_user_guide_en_v1.4.pdf\" target=\"_blank\" rel=\"noopener\" >\t\t<div class=\"ult-content-box\" style=\"box-shadow: px px px px none;padding-top:40px;padding-right:15px;padding-bottom:20px;padding-left:15px;-webkit-transition: all 700ms ease;-moz-transition: all 700ms ease;-ms-transition: all 700ms ease;-o-transition: all 700ms ease;transition: all 700ms ease;\"  data-hover_bg_color=\"rgba(194,210,106,0.29)\"  data-hover_box_shadow=\"none\"    >[vc_column_text el_class=&#8221;boxientekstit&#8221; css=&#8221;.vc_custom_1528792224661{padding-right: 10px !important;padding-left: 10px !important;}&#8221;]<\/p>\n<h3 style=\"text-align: center;\">TRESTIMA\u00ae skogsm\u00e4tningssystem<\/h3>\n<p style=\"text-align: center; color: #c2d26a;\">Ladda ner manual<\/p>\n<p>[\/vc_column_text]\t\t<\/div>\t<\/a><\/div>[\/vc_column_inner][vc_column_inner css=&#8221;.vc_custom_1524219003982{background-color: #4b4b4a !important;}&#8221; offset=&#8221;vc_col-lg-3 vc_col-md-6&#8243;]<div class=\"ult-content-box-container \" >\t<a class=\"ult-content-box-anchor\" href=\"\/w\/wp-content\/uploads\/2018\/06\/TRESTIMA_Stack_user_guide_en_v4.3.pdf\" target=\"_blank\" rel=\"noopener\" >\t\t<div class=\"ult-content-box\" style=\"box-shadow: px px px px none;padding-top:40px;padding-right:15px;padding-bottom:20px;padding-left:15px;-webkit-transition: all 700ms ease;-moz-transition: all 700ms ease;-ms-transition: all 700ms ease;-o-transition: all 700ms ease;transition: all 700ms ease;\"  data-hover_bg_color=\"rgba(194,210,106,0.29)\"  data-hover_box_shadow=\"none\"    >[vc_column_text el_class=&#8221;boxientekstit&#8221; css=&#8221;.vc_custom_1528792246693{padding-right: 10px !important;padding-left: 10px !important;}&#8221;]<\/p>\n<h3 style=\"text-align: center;\">TRESTIMA\u00ae Stack stapelm\u00e4tningssystem<\/h3>\n<p style=\"text-align: center; color: #c2d26a;\">Ladda ner manual<\/p>\n<p>[\/vc_column_text]\t\t<\/div>\t<\/a><\/div>[\/vc_column_inner][\/vc_row_inner][\/vc_column][\/vc_row][vc_row full_width=&#8221;stretch_row&#8221; css=&#8221;.vc_custom_1524479195398{padding-bottom: 50px !important;background-position: center !important;background-repeat: no-repeat !important;background-size: cover !important;}&#8221;][vc_column css=&#8221;.vc_custom_1524216748026{padding-right: 15px !important;padding-left: 15px !important;}&#8221;]<div id=\"ultimate-heading-729169e90f06a5ffe\" class=\"uvc-heading ult-adjust-bottom-margin ultimate-heading-729169e90f06a5ffe uvc-79 \" data-hspacer=\"no_spacer\"  data-halign=\"center\" style=\"text-align:center\"><div class=\"uvc-heading-spacer no_spacer\" style=\"top\"><\/div><div class=\"uvc-main-heading ult-responsive\"  data-ultimate-target='.uvc-heading.ultimate-heading-729169e90f06a5ffe h2'  data-responsive-json-new='{\"font-size\":\"desktop:50px;\",\"line-height\":\"\"}' ><h2 style=\"--font-weight:theme;color:#3da336;margin-bottom:30px;\">Utbildning<\/h2><\/div><\/div>[vc_column_text]<\/p>\n<p style=\"text-align: center;\">TRESTIMA-anv\u00e4ndarutbildning rekommenderas i samband med att ni b\u00f6rjar anv\u00e4nda systemet. Vi kommer och utbildar hos kunden och anordnar utbildningar regelbundet \u00e4ven hos oss i Tammerfors.<br \/>\nUtbildningen tar en arbetsdag och best\u00e5r av en teoridel samt guidning i terr\u00e4ng.<\/p>\n<p>[\/vc_column_text][vc_row_inner equal_height=&#8221;yes&#8221; css=&#8221;.vc_custom_1524220597173{padding-right: 15px !important;padding-left: 15px !important;}&#8221;][vc_column_inner css=&#8221;.vc_custom_1524563647111{padding-right: 15px !important;padding-left: 15px !important;}&#8221; offset=&#8221;vc_col-lg-4 vc_col-md-4 vc_hidden-sm vc_hidden-xs&#8221;][\/vc_column_inner][vc_column_inner css=&#8221;.vc_custom_1524220451762{padding-right: 15px !important;padding-left: 15px !important;}&#8221; offset=&#8221;vc_col-lg-4 vc_col-md-4&#8243;]<div class=\"ult-content-box-container boxiyksi\" >\t<a class=\"ult-content-box-anchor\" href=\"https:\/\/docs.google.com\/forms\/d\/1q_EtWmXCoz-5MHwKgxvQYaQOR9gf_JRCkZ7f6If0fH8\" >\t\t<div class=\"ult-content-box\" style=\"box-shadow: px px px px none;padding-top:30px;padding-right:15px;padding-bottom:20px;padding-left:15px;-webkit-transition: all 700ms ease;-moz-transition: all 700ms ease;-ms-transition: all 700ms ease;-o-transition: all 700ms ease;transition: all 700ms ease;\"  data-hover_bg_color=\"#d6d6d6\"  data-hover_box_shadow=\"none\"    ><div class=\"aio-icon-component    style_1\"><div id=\"Info-box-wrap-1372\" class=\"aio-icon-box square_box-icon\" style=\"\"  ><div class=\"aio-icon-description ult-responsive\"  data-ultimate-target='#Info-box-wrap-1372 .aio-icon-description'  data-responsive-json-new='{\"font-size\":\"\",\"line-height\":\"\"}'  style=\"color:#000000;\"><\/p>\n<p style=\"text-align: center;\"><strong>Se lista \u00f6ver utbildningar <\/strong><\/p>\n<p style=\"text-align: center;\"><strong>och anm\u00e4l er<\/strong><\/p>\n<p><\/div> <!-- description --><\/div> <!-- aio-icon-box --><\/div> <!-- aio-icon-component -->\t\t<\/div>\t<\/a><\/div>[\/vc_column_inner][vc_column_inner css=&#8221;.vc_custom_1524563652960{padding-right: 15px !important;padding-left: 15px !important;}&#8221; offset=&#8221;vc_col-lg-4 vc_col-md-4 vc_hidden-sm vc_hidden-xs&#8221;][\/vc_column_inner][\/vc_row_inner][vc_empty_space height=&#8221;20px&#8221;][vc_column_text]Att ta systemet i bruk f\u00f6ruts\u00e4tter inte en utbildning, men vi rekommenderar detta till samtliga v\u00e5ra kunder. Utbildningen ger en stark bas f\u00f6r effektiv och ekonomisk anv\u00e4ndning.<\/p>\n<p>Utbildningen som sker i v\u00e5ra lokaler inneh\u00e5ller kursmaterial, \u00f6vningar samt mat. Alla som genomg\u00e5tt utbildningen blir godk\u00e4nda TRESTIMA\u00ae m\u00e4tare och kan anv\u00e4nda TRESTIMA\u00ae -logon i marknadsf\u00f6ring av sina tj\u00e4nster.[\/vc_column_text][vc_empty_space height=&#8221;40px&#8221;][\/vc_column][\/vc_row][vc_row full_width=&#8221;stretch_row&#8221; css=&#8221;.vc_custom_1524738478747{margin-bottom: -70px !important;padding-top: 50px !important;padding-bottom: 50px !important;background-image: url(https:\/\/www.trestima.com\/w\/\/wp-content\/uploads\/2018\/04\/trestima-oy-metsanmittausjarjestelma-metsasuunnittelijalle-viranomaisille.png?id=1025) !important;}&#8221;][vc_column width=&#8221;1\/6&#8243; offset=&#8221;vc_hidden-md vc_hidden-sm vc_hidden-xs&#8221;][\/vc_column][vc_column offset=&#8221;vc_col-lg-8 vc_col-md-12&#8243;]<div id=\"ultimate-heading-128069e90f06a6529\" class=\"uvc-heading ult-adjust-bottom-margin ultimate-heading-128069e90f06a6529 uvc-3623  uvc-heading-default-font-sizes\" data-hspacer=\"no_spacer\"  data-halign=\"center\" style=\"text-align:center\"><div class=\"uvc-heading-spacer no_spacer\" style=\"top\"><\/div><div class=\"uvc-main-heading ult-responsive\"  data-ultimate-target='.uvc-heading.ultimate-heading-128069e90f06a6529 h2'  data-responsive-json-new='{\"font-size\":\"\",\"line-height\":\"\"}' ><h2 style=\"--font-weight:theme;color:#3da336;\">F\u00f6rfr\u00e5gningar<\/h2><\/div><\/div>[vc_column_text]<\/p>\n<p style=\"text-align: center;\">F\u00f6r mer information om anv\u00e4ndande av systemet kontakta supporten, f\u00f6r information om utbildning kontakta s\u00e4ljavdelningen.<\/p>\n<p>[\/vc_column_text][vc_column_text]<div role=\"form\" class=\"wpcf7\" id=\"wpcf7-f1956-o1\" lang=\"fi\" dir=\"ltr\">\n<div class=\"screen-reader-response\"><p role=\"status\" aria-live=\"polite\" aria-atomic=\"true\"><\/p> <ul><\/ul><\/div>\n<form action=\"\/w\/wp-json\/wp\/v2\/pages\/1282#wpcf7-f1956-o1\" method=\"post\" class=\"wpcf7-form init\" novalidate=\"novalidate\" data-status=\"init\">\n<div style=\"display: none;\">\n<input type=\"hidden\" name=\"_wpcf7\" value=\"1956\" \/>\n<input type=\"hidden\" name=\"_wpcf7_version\" value=\"5.6.3\" \/>\n<input type=\"hidden\" name=\"_wpcf7_locale\" value=\"fi\" \/>\n<input type=\"hidden\" name=\"_wpcf7_unit_tag\" value=\"wpcf7-f1956-o1\" \/>\n<input type=\"hidden\" name=\"_wpcf7_container_post\" value=\"0\" \/>\n<input type=\"hidden\" name=\"_wpcf7_posted_data_hash\" value=\"\" \/>\n<\/div>\n<div class=\"wholeform\">\n<p><label>V\u00e4lj adress<\/label><br \/>\n<span class=\"wpcf7-form-control-wrap\" data-name=\"radio-112\"><span class=\"wpcf7-form-control wpcf7-radio\"><span class=\"wpcf7-list-item first\"><input type=\"radio\" name=\"radio-112\" value=\"S\u00e4lj\" checked=\"checked\" \/><span class=\"wpcf7-list-item-label\">S\u00e4lj<\/span><\/span><span class=\"wpcf7-list-item last\"><input type=\"radio\" name=\"radio-112\" value=\"Simo Kivim\u00e4ki\" \/><span class=\"wpcf7-list-item-label\">Simo Kivim\u00e4ki<\/span><\/span><\/span><\/span><\/p>\n<div class=\"leftform\">\n<label> <span class=\"wpcf7-form-control-wrap\" data-name=\"your-name\"><input type=\"text\" name=\"your-name\" value=\"\" size=\"40\" class=\"wpcf7-form-control wpcf7-text wpcf7-validates-as-required\" aria-required=\"true\" aria-invalid=\"false\" placeholder=\"Namn\" \/><\/span> <\/label><\/p>\n<p><label> <span class=\"wpcf7-form-control-wrap\" data-name=\"your-company\"><input type=\"text\" name=\"your-company\" value=\"\" size=\"40\" class=\"wpcf7-form-control wpcf7-text wpcf7-validates-as-required\" aria-required=\"true\" aria-invalid=\"false\" placeholder=\"F\u00f6retag eller organisation\" \/><\/span> <\/label><\/p>\n<p><label> <span class=\"wpcf7-form-control-wrap\" data-name=\"your-email\"><input type=\"email\" name=\"your-email\" value=\"\" size=\"40\" class=\"wpcf7-form-control wpcf7-text wpcf7-email wpcf7-validates-as-required wpcf7-validates-as-email\" aria-required=\"true\" aria-invalid=\"false\" placeholder=\"E-post\" \/><\/span> <\/label><\/p>\n<p><label> <span class=\"wpcf7-form-control-wrap\" data-name=\"tel-935\"><input type=\"tel\" name=\"tel-935\" value=\"\" size=\"40\" class=\"wpcf7-form-control wpcf7-text wpcf7-tel wpcf7-validates-as-required wpcf7-validates-as-tel\" aria-required=\"true\" aria-invalid=\"false\" placeholder=\"Telefonnummer\" \/><\/span> <\/label><\/div>\n<div class=\"rightform\"><label> <span class=\"wpcf7-form-control-wrap\" data-name=\"your-message\"><textarea name=\"your-message\" cols=\"40\" rows=\"10\" class=\"wpcf7-form-control wpcf7-textarea\" aria-invalid=\"false\" placeholder=\"Meddelande\"><\/textarea><\/span> <\/label><\/div>\n<p><input type=\"submit\" value=\"Skicka\" class=\"wpcf7-form-control has-spinner wpcf7-submit\" \/><\/p>\n<\/div>\n<div class=\"wpcf7-response-output\" aria-hidden=\"true\"><\/div><\/form><\/div>[\/vc_column_text][\/vc_column][vc_column width=&#8221;1\/6&#8243; offset=&#8221;vc_hidden-md vc_hidden-sm vc_hidden-xs&#8221;][\/vc_column][\/vc_row]<\/p>\n","protected":false},"excerpt":{"rendered":"<p>[vc_row equal_height=&#8221;yes&#8221; css=&#8221;.vc_custom_1524220356449{margin-top: -150px !important;padding-right: 15px !important;padding-bottom: 70px !important;padding-left: 15px !important;}&#8221;][vc_column][vc_row_inner equal_height=&#8221;yes&#8221; gap=&#8221;30&#8243;][vc_column_inner css=&#8221;.vc_custom_1524218957270{background-color: #4b4b4a !important;background-position: center !important;background-repeat: no-repeat !important;background-size: cover !important;}&#8221; offset=&#8221;vc_col-lg-3 vc_col-md-6&#8243;][\/vc_column_inner][vc_column_inner css=&#8221;.vc_custom_1524218967203{background-color: #4b4b4a !important;background-position: center !important;background-repeat: no-repeat !important;background-size: contain !important;}&#8221; offset=&#8221;vc_col-lg-3 vc_col-md-6&#8243;][\/vc_column_inner][vc_column_inner css=&#8221;.vc_custom_1524218991212{background-color: #4b4b4a !important;}&#8221; offset=&#8221;vc_col-lg-3 vc_col-md-6&#8243;][\/vc_column_inner][vc_column_inner css=&#8221;.vc_custom_1524219003982{background-color: #4b4b4a !important;}&#8221; offset=&#8221;vc_col-lg-3 vc_col-md-6&#8243;][\/vc_column_inner][\/vc_row_inner][\/vc_column][\/vc_row][vc_row full_width=&#8221;stretch_row&#8221; css=&#8221;.vc_custom_1524479195398{padding-bottom: 50px !important;background-position: center !important;background-repeat: no-repeat !important;background-size: cover !important;}&#8221;][vc_column&hellip;<\/p>\n","protected":false},"author":2,"featured_media":0,"parent":0,"menu_order":0,"comment_status":"closed","ping_status":"open","template":"","meta":{"_monsterinsights_skip_tracking":false,"_monsterinsights_sitenote_active":false,"_monsterinsights_sitenote_note":"","_monsterinsights_sitenote_category":0},"_links":{"self":[{"href":"https:\/\/www.trestima.com\/w\/wp-json\/wp\/v2\/pages\/1282"}],"collection":[{"href":"https:\/\/www.trestima.com\/w\/wp-json\/wp\/v2\/pages"}],"about":[{"href":"https:\/\/www.trestima.com\/w\/wp-json\/wp\/v2\/types\/page"}],"author":[{"embeddable":true,"href":"https:\/\/www.trestima.com\/w\/wp-json\/wp\/v2\/users\/2"}],"replies":[{"embeddable":true,"href":"https:\/\/www.trestima.com\/w\/wp-json\/wp\/v2\/comments?post=1282"}],"version-history":[{"count":17,"href":"https:\/\/www.trestima.com\/w\/wp-json\/wp\/v2\/pages\/1282\/revisions"}],"predecessor-version":[{"id":4295,"href":"https:\/\/www.trestima.com\/w\/wp-json\/wp\/v2\/pages\/1282\/revisions\/4295"}],"wp:attachment":[{"href":"https:\/\/www.trestima.com\/w\/wp-json\/wp\/v2\/media?parent=1282"}],"curies":[{"name":"wp","href":"https:\/\/api.w.org\/{rel}","templated":true}]}}