{"id":1219,"date":"2018-04-27T09:15:05","date_gmt":"2018-04-27T07:15:05","guid":{"rendered":"https:\/\/www.trestima.com\/w\/\/?page_id=1219"},"modified":"2022-09-02T10:33:04","modified_gmt":"2022-09-02T08:33:04","slug":"contact-us","status":"publish","type":"page","link":"https:\/\/www.trestima.com\/w\/en\/contact-us\/","title":{"rendered":"Contact us"},"content":{"rendered":"<p>[vc_row css=&#8221;.vc_custom_1524559302297{padding-right: 15px !important;padding-left: 15px !important;}&#8221;][vc_column]<div id=\"ultimate-heading-254369e75346772fd\" class=\"uvc-heading ult-adjust-bottom-margin ultimate-heading-254369e75346772fd uvc-9989  uvc-heading-default-font-sizes\" data-hspacer=\"no_spacer\"  data-halign=\"center\" style=\"text-align:center\"><div class=\"uvc-heading-spacer no_spacer\" style=\"top\"><\/div><div class=\"uvc-main-heading ult-responsive\"  data-ultimate-target='.uvc-heading.ultimate-heading-254369e75346772fd h2'  data-responsive-json-new='{\"font-size\":\"\",\"line-height\":\"\"}' ><h2 style=\"--font-weight:theme;color:#3da336;margin-bottom:50px;\">CONTACT INFORMATION<\/h2><\/div><\/div>[\/vc_column][\/vc_row][vc_row disable_element=&#8221;yes&#8221; css=&#8221;.vc_custom_1527850534715{margin-bottom: 90px !important;}&#8221;][vc_column width=&#8221;1\/2&#8243; offset=&#8221;vc_col-lg-3 vc_col-md-3 vc_col-xs-12&#8243; css=&#8221;.vc_custom_1524559136061{padding-bottom: 30px !important;}&#8221;][vc_single_image image=&#8221;105&#8243; img_size=&#8221;full&#8221; alignment=&#8221;center&#8221;]<div id=\"ultimate-heading-823369e7534677348\" class=\"uvc-heading ult-adjust-bottom-margin ultimate-heading-823369e7534677348 uvc-6581  uvc-heading-default-font-sizes\" data-hspacer=\"no_spacer\"  data-halign=\"center\" style=\"text-align:center\"><div class=\"uvc-heading-spacer no_spacer\" style=\"top\"><\/div><div class=\"uvc-main-heading ult-responsive\"  data-ultimate-target='.uvc-heading.ultimate-heading-823369e7534677348 h3'  data-responsive-json-new='{\"font-size\":\"\",\"line-height\":\"\"}' ><h3 style=\"--font-weight:theme;color:#000000;\">Simo Kivim\u00e4ki<\/h3><\/div><div class=\"uvc-sub-heading ult-responsive\"  data-ultimate-target='.uvc-heading.ultimate-heading-823369e7534677348 .uvc-sub-heading '  data-responsive-json-new='{\"font-size\":\"\",\"line-height\":\"\"}'  style=\"font-weight:normal;\"><\/p>\n<p style=\"text-align: center;\">Toimitusjohtaja<\/p>\n<p style=\"text-align: center;\">+358 50 3872891<\/p>\n<p style=\"text-align: center;\">simo.kivimaki@trestima.com<\/p>\n<p><\/div><\/div>[\/vc_column][vc_column width=&#8221;1\/2&#8243; offset=&#8221;vc_col-lg-3 vc_col-md-3 vc_col-xs-12&#8243; css=&#8221;.vc_custom_1524559143045{padding-bottom: 30px !important;}&#8221;][vc_single_image image=&#8221;105&#8243; img_size=&#8221;full&#8221; alignment=&#8221;center&#8221;]<div id=\"ultimate-heading-260069e753467737f\" class=\"uvc-heading ult-adjust-bottom-margin ultimate-heading-260069e753467737f uvc-4313  uvc-heading-default-font-sizes\" data-hspacer=\"no_spacer\"  data-halign=\"center\" style=\"text-align:center\"><div class=\"uvc-heading-spacer no_spacer\" style=\"top\"><\/div><div class=\"uvc-main-heading ult-responsive\"  data-ultimate-target='.uvc-heading.ultimate-heading-260069e753467737f h3'  data-responsive-json-new='{\"font-size\":\"\",\"line-height\":\"\"}' ><h3 style=\"--font-weight:theme;color:#000000;\">Timo Rouvinen<\/h3><\/div><div class=\"uvc-sub-heading ult-responsive\"  data-ultimate-target='.uvc-heading.ultimate-heading-260069e753467737f .uvc-sub-heading '  data-responsive-json-new='{\"font-size\":\"\",\"line-height\":\"\"}'  style=\"font-weight:normal;\"><\/p>\n<p style=\"text-align: center;\">Teknologiajohtaja<\/p>\n<p style=\"text-align: center;\">+358<\/p>\n<p style=\"text-align: center;\">timo.rouvinen@trestima.com<\/p>\n<p><\/div><\/div>[\/vc_column][vc_column width=&#8221;1\/2&#8243; offset=&#8221;vc_col-lg-3 vc_col-md-3 vc_col-xs-12&#8243; css=&#8221;.vc_custom_1524559148847{padding-bottom: 30px !important;}&#8221;][vc_single_image image=&#8221;105&#8243; img_size=&#8221;full&#8221; alignment=&#8221;center&#8221;]<div id=\"ultimate-heading-378269e75346773b1\" class=\"uvc-heading ult-adjust-bottom-margin ultimate-heading-378269e75346773b1 uvc-4143  uvc-heading-default-font-sizes\" data-hspacer=\"no_spacer\"  data-halign=\"center\" style=\"text-align:center\"><div class=\"uvc-heading-spacer no_spacer\" style=\"top\"><\/div><div class=\"uvc-main-heading ult-responsive\"  data-ultimate-target='.uvc-heading.ultimate-heading-378269e75346773b1 h3'  data-responsive-json-new='{\"font-size\":\"\",\"line-height\":\"\"}' ><h3 style=\"--font-weight:theme;color:#000000;\">Antti Kivim\u00e4ki<\/h3><\/div><div class=\"uvc-sub-heading ult-responsive\"  data-ultimate-target='.uvc-heading.ultimate-heading-378269e75346773b1 .uvc-sub-heading '  data-responsive-json-new='{\"font-size\":\"\",\"line-height\":\"\"}'  style=\"font-weight:normal;\"><\/p>\n<p style=\"text-align: center;\">J\u00e4rjestelm\u00e4arkkitehti<\/p>\n<p style=\"text-align: center;\">+358<\/p>\n<p style=\"text-align: center;\">antti.kivimaki@trestima.com<\/p>\n<p><\/div><\/div>[\/vc_column][vc_column width=&#8221;1\/2&#8243; offset=&#8221;vc_col-lg-3 vc_col-md-3 vc_col-xs-12&#8243; css=&#8221;.vc_custom_1524559155320{padding-bottom: 30px !important;}&#8221;][vc_single_image image=&#8221;105&#8243; img_size=&#8221;full&#8221; alignment=&#8221;center&#8221;]<div id=\"ultimate-heading-198269e75346773e1\" class=\"uvc-heading ult-adjust-bottom-margin ultimate-heading-198269e75346773e1 uvc-7697  uvc-heading-default-font-sizes\" data-hspacer=\"no_spacer\"  data-halign=\"center\" style=\"text-align:center\"><div class=\"uvc-heading-spacer no_spacer\" style=\"top\"><\/div><div class=\"uvc-main-heading ult-responsive\"  data-ultimate-target='.uvc-heading.ultimate-heading-198269e75346773e1 h3'  data-responsive-json-new='{\"font-size\":\"\",\"line-height\":\"\"}' ><h3 style=\"--font-weight:theme;color:#000000;\">Teemu Saram\u00e4ki<\/h3><\/div><div class=\"uvc-sub-heading ult-responsive\"  data-ultimate-target='.uvc-heading.ultimate-heading-198269e75346773e1 .uvc-sub-heading '  data-responsive-json-new='{\"font-size\":\"\",\"line-height\":\"\"}'  style=\"font-weight:normal;\"><\/p>\n<p style=\"text-align: center;\">Asiakkuusp\u00e4\u00e4llikk\u00f6<\/p>\n<p style=\"text-align: center;\">+358<\/p>\n<p style=\"text-align: center;\">teemu.saramaki@trestima.com<\/p>\n<p><\/div><\/div>[\/vc_column][\/vc_row][vc_row css=&#8221;.vc_custom_1524559302297{padding-right: 15px !important;padding-left: 15px !important;}&#8221;][vc_column width=&#8221;1\/2&#8243;]<div id=\"ultimate-heading-706569e7534677412\" class=\"uvc-heading ult-adjust-bottom-margin ultimate-heading-706569e7534677412 uvc-8438  uvc-heading-default-font-sizes\" data-hspacer=\"no_spacer\"  data-halign=\"center\" style=\"text-align:center\"><div class=\"uvc-heading-spacer no_spacer\" style=\"top\"><\/div><div class=\"uvc-main-heading ult-responsive\"  data-ultimate-target='.uvc-heading.ultimate-heading-706569e7534677412 h3'  data-responsive-json-new='{\"font-size\":\"\",\"line-height\":\"\"}' ><h3 style=\"--font-weight:theme;color:#000000;\">Simo Kivim\u00e4ki<\/h3><\/div><div class=\"uvc-sub-heading ult-responsive\"  data-ultimate-target='.uvc-heading.ultimate-heading-706569e7534677412 .uvc-sub-heading '  data-responsive-json-new='{\"font-size\":\"\",\"line-height\":\"\"}'  style=\"font-weight:normal;\"><\/p>\n<p style=\"text-align: center;\">CEO<\/p>\n<p style=\"text-align: center;\">+358 50 3872891<\/p>\n<p style=\"text-align: center;\">simo.kivimaki@trestima.com<\/p>\n<p><\/div><\/div>[\/vc_column][vc_column width=&#8221;1\/2&#8243;]<div id=\"ultimate-heading-596569e7534677440\" class=\"uvc-heading ult-adjust-bottom-margin ultimate-heading-596569e7534677440 uvc-8886  uvc-heading-default-font-sizes\" data-hspacer=\"no_spacer\"  data-halign=\"center\" style=\"text-align:center\"><div class=\"uvc-heading-spacer no_spacer\" style=\"top\"><\/div><div class=\"uvc-main-heading ult-responsive\"  data-ultimate-target='.uvc-heading.ultimate-heading-596569e7534677440 h3'  data-responsive-json-new='{\"font-size\":\"\",\"line-height\":\"\"}' ><h3 style=\"--font-weight:theme;color:#000000;\">Timo Rouvinen<\/h3><\/div><div class=\"uvc-sub-heading ult-responsive\"  data-ultimate-target='.uvc-heading.ultimate-heading-596569e7534677440 .uvc-sub-heading '  data-responsive-json-new='{\"font-size\":\"\",\"line-height\":\"\"}'  style=\"font-weight:normal;\"><\/p>\n<p style=\"text-align: center;\">CTO<\/p>\n<p style=\"text-align: center;\">+358 50 4869901<\/p>\n<p style=\"text-align: center;\">timo.rouvinen@trestima.com<\/p>\n<p><\/div><\/div>[\/vc_column][\/vc_row][vc_row full_width=&#8221;stretch_row&#8221; css=&#8221;.vc_custom_1524738628420{margin-top: 50px !important;padding-top: 50px !important;padding-bottom: 50px !important;background-image: url(https:\/\/www.trestima.com\/w\/\/wp-content\/uploads\/2018\/04\/trestima-oy-metsanmittausjarjestelma-metsasuunnittelijalle-viranomaisille.png?id=1025) !important;}&#8221;][vc_column width=&#8221;1\/4&#8243; offset=&#8221;vc_hidden-sm vc_hidden-xs&#8221;][\/vc_column][vc_column css=&#8221;.vc_custom_1524570409080{padding-bottom: px !important;}&#8221; offset=&#8221;vc_col-lg-3 vc_col-md-3 vc_col-xs-12&#8243;][vc_column_text el_class=&#8221;tekstinkeskitys&#8221;]<\/p>\n<p style=\"text-align: left; color: #000;\"><a style=\"color: #000;\" href=\"mailto:info@trestima.com\">info@trestima.com<\/a><br \/>\n<a style=\"color: #000;\" href=\"mailto:support@trestima.com\">support@trestima.com<\/a><\/p>\n<p>y-tunnus: 2496883-3[\/vc_column_text][\/vc_column][vc_column offset=&#8221;vc_col-lg-3 vc_col-md-3 vc_col-xs-12&#8243; el_class=&#8221;tekstinkeskitys&#8221;][vc_column_text]<strong>Global:<\/strong><\/p>\n<ul>\n<li><strong>P\u00f6yry<\/strong>:\u00a0<a href=\"http:\/\/www.poyry.com\/\">http:\/\/www.poyry.com\/<\/a><\/li>\n<li style=\"text-align: left;\"><strong>Trimble:\u00a0<\/strong><a style=\"color: #000;\" href=\"http:\/\/www.trimbleforestry.com\/measurementapps\/\">http:\/\/www.trimbleforestry.com\/measurementapps\/<\/a><\/li>\n<li style=\"text-align: left;\"><strong>Fordaq:\u00a0<\/strong><a style=\"color: #000;\" href=\"http:\/\/trestima.fordaq.com\/\">http:\/\/trestima.fordaq.com\/<\/a><\/li>\n<\/ul>\n<p><strong>Russia:<\/strong><\/p>\n<ul>\n<li><strong>RusFor Consult Oy Ab<\/strong>:\u00a0<a href=\"https:\/\/rusforconsult.com\/trestima\/\">https:\/\/rusforconsult.com\/trestima\/<\/a><\/li>\n<\/ul>\n<p><strong>Africa:<\/strong><\/p>\n<ul>\n<li><strong>Forestry Solutions Inc<\/strong>:\u00a0<a href=\"http:\/\/www.forestrysolutions.net\/\">http:\/\/www.forestrysolutions.net\/<\/a><\/li>\n<\/ul>\n<p>[\/vc_column_text][\/vc_column][vc_column width=&#8221;1\/4&#8243; offset=&#8221;vc_hidden-sm vc_hidden-xs&#8221;][\/vc_column][\/vc_row][vc_row css=&#8221;.vc_custom_1522238515550{margin-top: 50px !important;margin-bottom: 50px !important;}&#8221;][vc_column width=&#8221;1\/6&#8243; offset=&#8221;vc_hidden-md vc_hidden-sm vc_hidden-xs&#8221;][\/vc_column][vc_column offset=&#8221;vc_col-lg-8 vc_col-md-12&#8243;]<div id=\"ultimate-heading-39269e753467746f\" class=\"uvc-heading ult-adjust-bottom-margin ultimate-heading-39269e753467746f uvc-7606  uvc-heading-default-font-sizes\" data-hspacer=\"no_spacer\"  data-halign=\"center\" style=\"text-align:center\"><div class=\"uvc-heading-spacer no_spacer\" style=\"top\"><\/div><div class=\"uvc-main-heading ult-responsive\"  data-ultimate-target='.uvc-heading.ultimate-heading-39269e753467746f h2'  data-responsive-json-new='{\"font-size\":\"\",\"line-height\":\"\"}' ><h2 style=\"--font-weight:theme;margin-bottom:30px;\">Contact form<\/h2><\/div><\/div>[vc_column_text]<div role=\"form\" class=\"wpcf7\" id=\"wpcf7-f1319-o1\" lang=\"fi\" dir=\"ltr\">\n<div class=\"screen-reader-response\"><p role=\"status\" aria-live=\"polite\" aria-atomic=\"true\"><\/p> <ul><\/ul><\/div>\n<form action=\"\/w\/wp-json\/wp\/v2\/pages\/1219#wpcf7-f1319-o1\" method=\"post\" class=\"wpcf7-form init\" novalidate=\"novalidate\" data-status=\"init\">\n<div style=\"display: none;\">\n<input type=\"hidden\" name=\"_wpcf7\" value=\"1319\" \/>\n<input type=\"hidden\" name=\"_wpcf7_version\" value=\"5.6.3\" \/>\n<input type=\"hidden\" name=\"_wpcf7_locale\" value=\"fi\" \/>\n<input type=\"hidden\" name=\"_wpcf7_unit_tag\" value=\"wpcf7-f1319-o1\" \/>\n<input type=\"hidden\" name=\"_wpcf7_container_post\" value=\"0\" \/>\n<input type=\"hidden\" name=\"_wpcf7_posted_data_hash\" value=\"\" \/>\n<\/div>\n<div class=\"wholeform\">\n<p><label>Choose address<\/label><br \/>\n<span class=\"wpcf7-form-control-wrap\" data-name=\"radio-112\"><span class=\"wpcf7-form-control wpcf7-radio\"><span class=\"wpcf7-list-item first\"><input type=\"radio\" name=\"radio-112\" value=\"Sales\" checked=\"checked\" \/><span class=\"wpcf7-list-item-label\">Sales<\/span><\/span><span class=\"wpcf7-list-item last\"><input type=\"radio\" name=\"radio-112\" value=\"Support\" \/><span class=\"wpcf7-list-item-label\">Support<\/span><\/span><\/span><\/span><\/p>\n<div class=\"leftform\">\n<label> <span class=\"wpcf7-form-control-wrap\" data-name=\"your-name\"><input type=\"text\" name=\"your-name\" value=\"\" size=\"40\" class=\"wpcf7-form-control wpcf7-text wpcf7-validates-as-required\" aria-required=\"true\" aria-invalid=\"false\" placeholder=\"Your name\" \/><\/span> <\/label><\/p>\n<p><label> <span class=\"wpcf7-form-control-wrap\" data-name=\"your-company\"><input type=\"text\" name=\"your-company\" value=\"\" size=\"40\" class=\"wpcf7-form-control wpcf7-text wpcf7-validates-as-required\" aria-required=\"true\" aria-invalid=\"false\" placeholder=\"Company\/Organization name\" \/><\/span> <\/label><\/p>\n<p><label> <span class=\"wpcf7-form-control-wrap\" data-name=\"your-email\"><input type=\"email\" name=\"your-email\" value=\"\" size=\"40\" class=\"wpcf7-form-control wpcf7-text wpcf7-email wpcf7-validates-as-required wpcf7-validates-as-email\" aria-required=\"true\" aria-invalid=\"false\" placeholder=\"E-mail address\" \/><\/span> <\/label><\/p>\n<p><label> <span class=\"wpcf7-form-control-wrap\" data-name=\"tel-935\"><input type=\"tel\" name=\"tel-935\" value=\"\" size=\"40\" class=\"wpcf7-form-control wpcf7-text wpcf7-tel wpcf7-validates-as-required wpcf7-validates-as-tel\" aria-required=\"true\" aria-invalid=\"false\" placeholder=\"Phone number\" \/><\/span> <\/label><\/div>\n<div class=\"rightform\"><label> <span class=\"wpcf7-form-control-wrap\" data-name=\"your-message\"><textarea name=\"your-message\" cols=\"40\" rows=\"10\" class=\"wpcf7-form-control wpcf7-textarea\" aria-invalid=\"false\" placeholder=\"Your message\"><\/textarea><\/span> <\/label><\/div>\n<p><input type=\"submit\" value=\"Submit\" class=\"wpcf7-form-control has-spinner wpcf7-submit\" \/><\/p>\n<\/div>\n<div class=\"wpcf7-response-output\" aria-hidden=\"true\"><\/div><\/form><\/div>[\/vc_column_text][\/vc_column][vc_column width=&#8221;1\/6&#8243; offset=&#8221;vc_hidden-md vc_hidden-sm vc_hidden-xs&#8221;][\/vc_column][\/vc_row][vc_row full_width=&#8221;stretch_row&#8221; css=&#8221;.vc_custom_1524738645678{margin-top: 50px !important;margin-bottom: -70px !important;padding-top: 50px !important;padding-bottom: 50px !important;background-image: url(https:\/\/www.trestima.com\/w\/\/wp-content\/uploads\/2018\/04\/trestima-oy-metsanmittausjarjestelma-metsasuunnittelijalle-viranomaisille.png?id=1025) !important;}&#8221;][vc_column][vc_row_inner][vc_column_inner width=&#8221;1\/2&#8243; offset=&#8221;vc_col-lg-3 vc_col-md-3 vc_col-xs-12&#8243;][vc_empty_space][vc_column_text]<\/p>\n<h3 style=\"text-align: center;\">BILLING ADDRESS<\/h3>\n<p style=\"text-align: center;\">Trestima Oy<\/p>\n<p style=\"text-align: center;\">Solkim\u00e4enkatu 29<\/p>\n<p style=\"text-align: center;\">33710 Tampere<\/p>\n<p>[\/vc_column_text][\/vc_column_inner][\/vc_row_inner][\/vc_column][\/vc_row]<\/p>\n","protected":false},"excerpt":{"rendered":"<p>[vc_row css=&#8221;.vc_custom_1524559302297{padding-right: 15px !important;padding-left: 15px !important;}&#8221;][vc_column][\/vc_column][\/vc_row][vc_row disable_element=&#8221;yes&#8221; css=&#8221;.vc_custom_1527850534715{margin-bottom: 90px !important;}&#8221;][vc_column width=&#8221;1\/2&#8243; offset=&#8221;vc_col-lg-3 vc_col-md-3 vc_col-xs-12&#8243; css=&#8221;.vc_custom_1524559136061{padding-bottom: 30px !important;}&#8221;][vc_single_image image=&#8221;105&#8243; img_size=&#8221;full&#8221; alignment=&#8221;center&#8221;][\/vc_column][vc_column width=&#8221;1\/2&#8243; offset=&#8221;vc_col-lg-3 vc_col-md-3 vc_col-xs-12&#8243; css=&#8221;.vc_custom_1524559143045{padding-bottom: 30px !important;}&#8221;][vc_single_image image=&#8221;105&#8243; img_size=&#8221;full&#8221; alignment=&#8221;center&#8221;][\/vc_column][vc_column width=&#8221;1\/2&#8243; offset=&#8221;vc_col-lg-3 vc_col-md-3 vc_col-xs-12&#8243; css=&#8221;.vc_custom_1524559148847{padding-bottom: 30px !important;}&#8221;][vc_single_image image=&#8221;105&#8243; img_size=&#8221;full&#8221; alignment=&#8221;center&#8221;][\/vc_column][vc_column width=&#8221;1\/2&#8243; offset=&#8221;vc_col-lg-3 vc_col-md-3 vc_col-xs-12&#8243; css=&#8221;.vc_custom_1524559155320{padding-bottom: 30px !important;}&#8221;][vc_single_image image=&#8221;105&#8243; img_size=&#8221;full&#8221; alignment=&#8221;center&#8221;][\/vc_column][\/vc_row][vc_row css=&#8221;.vc_custom_1524559302297{padding-right: 15px !important;padding-left: 15px !important;}&#8221;][vc_column&hellip;<\/p>\n","protected":false},"author":2,"featured_media":0,"parent":0,"menu_order":0,"comment_status":"closed","ping_status":"open","template":"","meta":{"_monsterinsights_skip_tracking":false,"_monsterinsights_sitenote_active":false,"_monsterinsights_sitenote_note":"","_monsterinsights_sitenote_category":0},"_links":{"self":[{"href":"https:\/\/www.trestima.com\/w\/wp-json\/wp\/v2\/pages\/1219"}],"collection":[{"href":"https:\/\/www.trestima.com\/w\/wp-json\/wp\/v2\/pages"}],"about":[{"href":"https:\/\/www.trestima.com\/w\/wp-json\/wp\/v2\/types\/page"}],"author":[{"embeddable":true,"href":"https:\/\/www.trestima.com\/w\/wp-json\/wp\/v2\/users\/2"}],"replies":[{"embeddable":true,"href":"https:\/\/www.trestima.com\/w\/wp-json\/wp\/v2\/comments?post=1219"}],"version-history":[{"count":9,"href":"https:\/\/www.trestima.com\/w\/wp-json\/wp\/v2\/pages\/1219\/revisions"}],"predecessor-version":[{"id":18834,"href":"https:\/\/www.trestima.com\/w\/wp-json\/wp\/v2\/pages\/1219\/revisions\/18834"}],"wp:attachment":[{"href":"https:\/\/www.trestima.com\/w\/wp-json\/wp\/v2\/media?parent=1219"}],"curies":[{"name":"wp","href":"https:\/\/api.w.org\/{rel}","templated":true}]}}